{"id":20594,"date":"2023-07-25T11:55:57","date_gmt":"2023-07-25T09:55:57","guid":{"rendered":"https:\/\/proid.cz\/o-nas\/"},"modified":"2023-07-31T13:55:14","modified_gmt":"2023-07-31T11:55:14","slug":"about-us","status":"publish","type":"page","link":"https:\/\/proid.cz\/en\/about-us\/","title":{"rendered":"About us"},"content":{"rendered":"<p>[vc_row type=&#8221;vc_default&#8221;][vc_column][vc_empty_space height=&#8221;60&#8243;][vc_row_inner][vc_column_inner width=&#8221;1\/2&#8243;][vc_empty_space height=&#8221;40&#8243;][vc_column_text]<\/p>\n<h4 style=\"color: #00b4a0;\">Information and vacancies<\/h4>\n<p>[\/vc_column_text][vc_column_text]<\/p>\n<h1>About us<\/h1>\n<p>[\/vc_column_text][vc_column_text]<\/p>\n<h5>ProID is a&nbsp;separate product line of MONET+<\/h5>\n<p>[\/vc_column_text][vc_empty_space height=&#8221;10&#8243;][vc_empty_space height=&#8221;20&#8243;][\/vc_column_inner][vc_column_inner width=&#8221;1\/2&#8243;][vc_single_image image=&#8221;17117&#8243; img_size=&#8221;full&#8221; alignment=&#8221;center&#8221; image_hovers=&#8221;false&#8221;][\/vc_column_inner][\/vc_row_inner][vc_empty_space height=&#8221;50&#8243;][\/vc_column][\/vc_row][vc_row][vc_column][vc_empty_space height=&#8221;30&#8243;][vc_row_inner][vc_column_inner width=&#8221;1\/6&#8243;][\/vc_column_inner][vc_column_inner width=&#8221;2\/3&#8243;][vc_empty_space height=&#8221;30&#8243;][\/vc_column_inner][vc_column_inner width=&#8221;1\/6&#8243;][\/vc_column_inner][\/vc_row_inner][vc_row_inner content_placement=&#8221;middle&#8221;][vc_column_inner width=&#8221;1\/2&#8243;][vc_single_image image=&#8221;7533&#8243; img_size=&#8221;full&#8221; style=&#8221;vc_box_rounded&#8221;][\/vc_column_inner][vc_column_inner width=&#8221;1\/2&#8243;][vc_column_text]<\/p>\n<h2 style=\"text-align: left;\">ProID solutions by MONET+<\/h2>\n<p>[\/vc_column_text][vc_column_text]Monet+ is a&nbsp;Czech software company with a&nbsp;25-year tradition. Our clients are public entities as well as private companies of all sizes and fields. Our team consists of almost 300 experts from all over the Czech Republic. As part of the ProID product platform, we develop advanced tools for corporate clients that enable secure (encrypted) login to corporate systems, computers and VPNs.<\/p>\n<p>We also develop tools for secure electronic signatures and electronic seals. Our solution meets the criteria of the Cyber Security Act and ensures the protection of personal data related to the European Union&#8217;s&nbsp;GDPR as well as eIDAS, NIS 2 or ISO27001.[\/vc_column_text][\/vc_column_inner][\/vc_row_inner][vc_empty_space height=&#8221;70&#8243;][vc_single_image image=&#8221;20502&#8243; img_size=&#8221;full&#8221; style=&#8221;vc_box_rounded&#8221;][\/vc_column][\/vc_row][vc_row][vc_column][vc_empty_space height=&#8221;70&#8243;][vc_row_inner][vc_column_inner width=&#8221;1\/6&#8243;][\/vc_column_inner][vc_column_inner width=&#8221;2\/3&#8243;][vc_empty_space height=&#8221;30&#8243;][vc_column_text]<\/p>\n<h2 style=\"text-align: center;\">Careers in MONET+<\/h2>\n<p>[\/vc_column_text][vc_column_text]<\/p>\n<h4 style=\"text-align: center;\">Be in good company. Our trump cards are in the job description.<\/h4>\n<p>[\/vc_column_text][vc_empty_space height=&#8221;30&#8243;]<style type=\"text\/css\" data-type=\"the7_shortcodes-inline-css\">#default-btn-a014d5a537fa54c1c9a71c67d4c75a48.ico-right-side > i {\n  margin-right: 0px;\n  margin-left: 8px;\n}\n#default-btn-a014d5a537fa54c1c9a71c67d4c75a48 > i {\n  margin-right: 8px;\n}\n<\/style><div class=\"btn-align-center\"><a href=\"https:\/\/monetplus.jobs.cz\/\" class=\"default-btn-shortcode dt-btn dt-btn-l link-hover-off \" target=\"_blank\" id=\"default-btn-a014d5a537fa54c1c9a71c67d4c75a48\" rel=\"noopener\"><span>View vacancies<\/span><\/a><\/div>[vc_empty_space height=&#8221;30&#8243;][vc_empty_space height=&#8221;30&#8243;][\/vc_column_inner][vc_column_inner width=&#8221;1\/6&#8243;][\/vc_column_inner][\/vc_row_inner][\/vc_column][\/vc_row][vc_row type=&#8221;vc_default&#8221; bg_type=&#8221;bg_color&#8221; bg_override=&#8221;full&#8221; bg_color_value=&#8221;#f5f5f5&#8243; el_id=&#8221;kontakt&#8221;][vc_column][vc_empty_space height=&#8221;50&#8243;][vc_row_inner][vc_column_inner width=&#8221;2\/3&#8243;][vc_column_text]<\/p>\n<h2 style=\"text-align: left;\"><span style=\"color: #413b8d;\">Zaujalo v\u00e1s na\u0161e \u0159e\u0161en\u00ed? Kontaktujte n\u00e1s<\/span><\/h2>\n<p>[\/vc_column_text][\/vc_column_inner][vc_column_inner width=&#8221;1\/3&#8243;][\/vc_column_inner][\/vc_row_inner][vc_row_inner][vc_column_inner width=&#8221;2\/3&#8243;][vc_column_text]\n<div class=\"wpcf7 no-js\" id=\"wpcf7-f535-o1\" lang=\"cs-CZ\" dir=\"ltr\">\n<div class=\"screen-reader-response\"><p role=\"status\" aria-live=\"polite\" aria-atomic=\"true\"><\/p> <ul><\/ul><\/div>\n<form action=\"\/en\/wp-json\/wp\/v2\/pages\/20594#wpcf7-f535-o1\" method=\"post\" class=\"wpcf7-form init\" aria-label=\"Kontaktn\u00ed formul\u00e1\u0159\" novalidate=\"novalidate\" data-status=\"init\">\n<div style=\"display: none;\">\n<input type=\"hidden\" name=\"_wpcf7\" value=\"535\" \/>\n<input type=\"hidden\" name=\"_wpcf7_version\" value=\"5.7.6\" \/>\n<input type=\"hidden\" name=\"_wpcf7_locale\" value=\"cs_CZ\" \/>\n<input type=\"hidden\" name=\"_wpcf7_unit_tag\" value=\"wpcf7-f535-o1\" \/>\n<input type=\"hidden\" name=\"_wpcf7_container_post\" value=\"0\" \/>\n<input type=\"hidden\" name=\"_wpcf7_posted_data_hash\" value=\"\" \/>\n<input type=\"hidden\" name=\"_wpcf7_recaptcha_response\" value=\"\" \/>\n<\/div>\n<div class=\"one-half\">\n\t<p><label> Va\u0161e jm\u00e9no (vy\u017eadov\u00e1no)<br \/>\n<span class=\"wpcf7-form-control-wrap\" data-name=\"your-name\"><input size=\"40\" class=\"wpcf7-form-control wpcf7-text wpcf7-validates-as-required\" aria-required=\"true\" aria-invalid=\"false\" value=\"\" type=\"text\" name=\"your-name\" \/><\/span> <\/label>\n\t<\/p>\n<\/div>\n<div class=\"one-half last\">\n\t<p><label> V\u00e1\u0161 e-mail (vy\u017eadov\u00e1no)<br \/>\n<span class=\"wpcf7-form-control-wrap\" data-name=\"your-email\"><input size=\"40\" class=\"wpcf7-form-control wpcf7-text wpcf7-email wpcf7-validates-as-required wpcf7-validates-as-email\" aria-required=\"true\" aria-invalid=\"false\" value=\"\" type=\"email\" name=\"your-email\" \/><\/span> <\/label>\n\t<\/p>\n<\/div>\n<div class=\"one-half\">\n\t<p><label> V\u00e1\u0161 telefon<br \/>\n<span class=\"wpcf7-form-control-wrap\" data-name=\"tel-946\"><input size=\"40\" class=\"wpcf7-form-control wpcf7-text wpcf7-tel wpcf7-validates-as-tel\" aria-invalid=\"false\" value=\"\" type=\"tel\" name=\"tel-946\" \/><\/span><\/label>\n\t<\/p>\n<\/div>\n<div class=\"one-half last\">\n\t<p><label> N\u00e1zev organizace (vy\u017eadov\u00e1no)<br \/>\n<span class=\"wpcf7-form-control-wrap\" data-name=\"your-subject\"><input size=\"40\" class=\"wpcf7-form-control wpcf7-text wpcf7-validates-as-required\" aria-required=\"true\" aria-invalid=\"false\" value=\"\" type=\"text\" name=\"your-subject\" \/><\/span> <\/label>\n\t<\/p>\n<\/div>\n<p><label> Va\u0161e zpr\u00e1va<br \/>\n<span class=\"wpcf7-form-control-wrap\" data-name=\"your-message\"><textarea cols=\"40\" rows=\"10\" class=\"wpcf7-form-control wpcf7-textarea\" aria-invalid=\"false\" name=\"your-message\"><\/textarea><\/span> <\/label>\n<\/p>\n<p>Vypln\u011bn\u00edm formul\u00e1\u0159e souhlas\u00edte se <a href=\"https:\/\/www.monetplus.cz\/zasady-zpracovani-osobnich-udaju\" target=\"_blank\">zpracov\u00e1n\u00edm osobn\u00edch \u00fadaj\u016f<\/a>.\n<\/p>\n<p><input class=\"wpcf7-form-control has-spinner wpcf7-submit\" type=\"submit\" value=\"Odeslat\" \/>\n<\/p><input type='hidden' class='wpcf7-pum' value='{\"closepopup\":false,\"closedelay\":0,\"openpopup\":false,\"openpopup_id\":0}' \/><div class=\"wpcf7-response-output\" aria-hidden=\"true\"><\/div>\n<\/form>\n<\/div>\n[\/vc_column_text][\/vc_column_inner][vc_column_inner width=&#8221;1\/3&#8243;][vc_empty_space height=&#8221;20&#8243;][vc_empty_space height=&#8221;30&#8243;][vc_single_image image=&#8221;16397&#8243; img_size=&#8221;full&#8221; alignment=&#8221;center&#8221; css=&#8221;.vc_custom_1660740638868{margin-bottom: 0px !important;}&#8221;][\/vc_column_inner][\/vc_row_inner][\/vc_column][\/vc_row]<\/p>\n","protected":false},"excerpt":{"rendered":"<p>[vc_row type=&#8221;vc_default&#8221;][vc_column][vc_empty_space height=&#8221;60&#8243;][vc_row_inner][vc_column_inner width=&#8221;1\/2&#8243;][vc_empty_space height=&#8221;40&#8243;][vc_column_text] Information and vacancies [\/vc_column_text][vc_column_text] About us [\/vc_column_text][vc_column_text] ProID is a&nbsp;separate product line of MONET+ [\/vc_column_text][vc_empty_space height=&#8221;10&#8243;][vc_empty_space height=&#8221;20&#8243;][\/vc_column_inner][vc_column_inner width=&#8221;1\/2&#8243;][vc_single_image image=&#8221;17117&#8243; img_size=&#8221;full&#8221; alignment=&#8221;center&#8221; image_hovers=&#8221;false&#8221;][\/vc_column_inner][\/vc_row_inner][vc_empty_space height=&#8221;50&#8243;][\/vc_column][\/vc_row][vc_row][vc_column][vc_empty_space height=&#8221;30&#8243;][vc_row_inner][vc_column_inner width=&#8221;1\/6&#8243;][\/vc_column_inner][vc_column_inner width=&#8221;2\/3&#8243;][vc_empty_space height=&#8221;30&#8243;][\/vc_column_inner][vc_column_inner width=&#8221;1\/6&#8243;][\/vc_column_inner][\/vc_row_inner][vc_row_inner content_placement=&#8221;middle&#8221;][vc_column_inner width=&#8221;1\/2&#8243;][vc_single_image image=&#8221;7533&#8243; img_size=&#8221;full&#8221; style=&#8221;vc_box_rounded&#8221;][\/vc_column_inner][vc_column_inner width=&#8221;1\/2&#8243;][vc_column_text] ProID solutions by MONET+ [\/vc_column_text][vc_column_text]Monet+ is a&nbsp;Czech software company with a&nbsp;25-year tradition. Our clients are public&hellip;<\/p>\n","protected":false},"author":1,"featured_media":0,"parent":0,"menu_order":0,"comment_status":"closed","ping_status":"closed","template":"","meta":{"episode_type":"","audio_file":"","cover_image":"","cover_image_id":"","duration":"","filesize":"","date_recorded":"","explicit":"","block":"","itunes_episode_number":"","itunes_title":"","itunes_season_number":"","itunes_episode_type":"","filesize_raw":""},"yoast_head":"<!-- This site is optimized with the Yoast SEO plugin v20.6 - https:\/\/yoast.com\/wordpress\/plugins\/seo\/ -->\n<title>About us &ndash; ProID<\/title>\n<meta name=\"description\" content=\"Tools for multi-factor authentication (MFA, 2FA), electronic signature and work identity in a comprehensive platform.\" \/>\n<meta name=\"robots\" content=\"index, follow, max-snippet:-1, max-image-preview:large, max-video-preview:-1\" \/>\n<link rel=\"canonical\" href=\"https:\/\/proid.cz\/en\/about-us\/\" \/>\n<meta property=\"og:locale\" content=\"en_US\" \/>\n<meta property=\"og:type\" content=\"article\" \/>\n<meta property=\"og:title\" content=\"About us &ndash; ProID\" \/>\n<meta property=\"og:description\" content=\"Tools for multi-factor authentication (MFA, 2FA), electronic signature and work identity in a comprehensive platform.\" \/>\n<meta property=\"og:url\" content=\"https:\/\/proid.cz\/en\/about-us\/\" \/>\n<meta property=\"og:site_name\" content=\"ProID\" \/>\n<meta property=\"article:modified_time\" content=\"2023-07-31T11:55:14+00:00\" \/>\n<meta property=\"og:image\" content=\"https:\/\/proid.cz\/wp-content\/uploads\/2020\/06\/Header_722x560_05_banner-proid-home-4.jpg\" \/>\n\t<meta property=\"og:image:width\" content=\"765\" \/>\n\t<meta property=\"og:image:height\" content=\"595\" \/>\n\t<meta property=\"og:image:type\" content=\"image\/jpeg\" \/>\n<meta name=\"twitter:card\" content=\"summary_large_image\" \/>\n<meta name=\"twitter:label1\" content=\"Est. reading time\" \/>\n\t<meta name=\"twitter:data1\" content=\"2 minutes\" \/>\n<script type=\"application\/ld+json\" class=\"yoast-schema-graph\">{\"@context\":\"https:\/\/schema.org\",\"@graph\":[{\"@type\":\"WebPage\",\"@id\":\"https:\/\/proid.cz\/en\/about-us\/\",\"url\":\"https:\/\/proid.cz\/en\/about-us\/\",\"name\":\"About us &ndash; ProID\",\"isPartOf\":{\"@id\":\"https:\/\/proid.cz\/en\/#website\"},\"datePublished\":\"2023-07-25T09:55:57+00:00\",\"dateModified\":\"2023-07-31T11:55:14+00:00\",\"description\":\"Tools for multi-factor authentication (MFA, 2FA), electronic signature and work identity in a comprehensive platform.\",\"breadcrumb\":{\"@id\":\"https:\/\/proid.cz\/en\/about-us\/#breadcrumb\"},\"inLanguage\":\"en-US\",\"potentialAction\":[{\"@type\":\"ReadAction\",\"target\":[\"https:\/\/proid.cz\/en\/about-us\/\"]}]},{\"@type\":\"BreadcrumbList\",\"@id\":\"https:\/\/proid.cz\/en\/about-us\/#breadcrumb\",\"itemListElement\":[{\"@type\":\"ListItem\",\"position\":1,\"name\":\"Dom\u016f\",\"item\":\"https:\/\/proid.cz\/en\/\"},{\"@type\":\"ListItem\",\"position\":2,\"name\":\"About us\"}]},{\"@type\":\"WebSite\",\"@id\":\"https:\/\/proid.cz\/en\/#website\",\"url\":\"https:\/\/proid.cz\/en\/\",\"name\":\"ProID\",\"description\":\"Ultimate Digital Identity for Employees and Organisations\",\"publisher\":{\"@id\":\"https:\/\/proid.cz\/en\/#organization\"},\"potentialAction\":[{\"@type\":\"SearchAction\",\"target\":{\"@type\":\"EntryPoint\",\"urlTemplate\":\"https:\/\/proid.cz\/en\/?s={search_term_string}\"},\"query-input\":\"required name=search_term_string\"}],\"inLanguage\":\"en-US\"},{\"@type\":\"Organization\",\"@id\":\"https:\/\/proid.cz\/en\/#organization\",\"name\":\"ProID by MONET+\",\"url\":\"https:\/\/proid.cz\/en\/\",\"logo\":{\"@type\":\"ImageObject\",\"inLanguage\":\"en-US\",\"@id\":\"https:\/\/proid.cz\/en\/#\/schema\/logo\/image\/\",\"url\":\"https:\/\/proid.cz\/wp-content\/uploads\/2021\/06\/logo_proid_1200x1200_white-680.png\",\"contentUrl\":\"https:\/\/proid.cz\/wp-content\/uploads\/2021\/06\/logo_proid_1200x1200_white-680.png\",\"width\":680,\"height\":680,\"caption\":\"ProID by MONET+\"},\"image\":{\"@id\":\"https:\/\/proid.cz\/en\/#\/schema\/logo\/image\/\"}}]}<\/script>\n<!-- \/ Yoast SEO plugin. -->","yoast_head_json":{"title":"About us &ndash; ProID","description":"Tools for multi-factor authentication (MFA, 2FA), electronic signature and work identity in a comprehensive platform.","robots":{"index":"index","follow":"follow","max-snippet":"max-snippet:-1","max-image-preview":"max-image-preview:large","max-video-preview":"max-video-preview:-1"},"canonical":"https:\/\/proid.cz\/en\/about-us\/","og_locale":"en_US","og_type":"article","og_title":"About us &ndash; ProID","og_description":"Tools for multi-factor authentication (MFA, 2FA), electronic signature and work identity in a comprehensive platform.","og_url":"https:\/\/proid.cz\/en\/about-us\/","og_site_name":"ProID","article_modified_time":"2023-07-31T11:55:14+00:00","og_image":[{"width":765,"height":595,"url":"https:\/\/proid.cz\/wp-content\/uploads\/2020\/06\/Header_722x560_05_banner-proid-home-4.jpg","type":"image\/jpeg"}],"twitter_card":"summary_large_image","twitter_misc":{"Est. reading time":"2 minutes"},"schema":{"@context":"https:\/\/schema.org","@graph":[{"@type":"WebPage","@id":"https:\/\/proid.cz\/en\/about-us\/","url":"https:\/\/proid.cz\/en\/about-us\/","name":"About us &ndash; ProID","isPartOf":{"@id":"https:\/\/proid.cz\/en\/#website"},"datePublished":"2023-07-25T09:55:57+00:00","dateModified":"2023-07-31T11:55:14+00:00","description":"Tools for multi-factor authentication (MFA, 2FA), electronic signature and work identity in a comprehensive platform.","breadcrumb":{"@id":"https:\/\/proid.cz\/en\/about-us\/#breadcrumb"},"inLanguage":"en-US","potentialAction":[{"@type":"ReadAction","target":["https:\/\/proid.cz\/en\/about-us\/"]}]},{"@type":"BreadcrumbList","@id":"https:\/\/proid.cz\/en\/about-us\/#breadcrumb","itemListElement":[{"@type":"ListItem","position":1,"name":"Dom\u016f","item":"https:\/\/proid.cz\/en\/"},{"@type":"ListItem","position":2,"name":"About us"}]},{"@type":"WebSite","@id":"https:\/\/proid.cz\/en\/#website","url":"https:\/\/proid.cz\/en\/","name":"ProID","description":"Ultimate Digital Identity for Employees and Organisations","publisher":{"@id":"https:\/\/proid.cz\/en\/#organization"},"potentialAction":[{"@type":"SearchAction","target":{"@type":"EntryPoint","urlTemplate":"https:\/\/proid.cz\/en\/?s={search_term_string}"},"query-input":"required name=search_term_string"}],"inLanguage":"en-US"},{"@type":"Organization","@id":"https:\/\/proid.cz\/en\/#organization","name":"ProID by MONET+","url":"https:\/\/proid.cz\/en\/","logo":{"@type":"ImageObject","inLanguage":"en-US","@id":"https:\/\/proid.cz\/en\/#\/schema\/logo\/image\/","url":"https:\/\/proid.cz\/wp-content\/uploads\/2021\/06\/logo_proid_1200x1200_white-680.png","contentUrl":"https:\/\/proid.cz\/wp-content\/uploads\/2021\/06\/logo_proid_1200x1200_white-680.png","width":680,"height":680,"caption":"ProID by MONET+"},"image":{"@id":"https:\/\/proid.cz\/en\/#\/schema\/logo\/image\/"}}]}},"_links":{"self":[{"href":"https:\/\/proid.cz\/en\/wp-json\/wp\/v2\/pages\/20594"}],"collection":[{"href":"https:\/\/proid.cz\/en\/wp-json\/wp\/v2\/pages"}],"about":[{"href":"https:\/\/proid.cz\/en\/wp-json\/wp\/v2\/types\/page"}],"author":[{"embeddable":true,"href":"https:\/\/proid.cz\/en\/wp-json\/wp\/v2\/users\/1"}],"replies":[{"embeddable":true,"href":"https:\/\/proid.cz\/en\/wp-json\/wp\/v2\/comments?post=20594"}],"version-history":[{"count":2,"href":"https:\/\/proid.cz\/en\/wp-json\/wp\/v2\/pages\/20594\/revisions"}],"predecessor-version":[{"id":20596,"href":"https:\/\/proid.cz\/en\/wp-json\/wp\/v2\/pages\/20594\/revisions\/20596"}],"wp:attachment":[{"href":"https:\/\/proid.cz\/en\/wp-json\/wp\/v2\/media?parent=20594"}],"curies":[{"name":"wp","href":"https:\/\/api.w.org\/{rel}","templated":true}]}}