{"id":21195,"date":"2023-09-01T14:50:25","date_gmt":"2023-09-01T12:50:25","guid":{"rendered":"https:\/\/proid.cz\/?page_id=21195"},"modified":"2023-12-04T11:43:25","modified_gmt":"2023-12-04T10:43:25","slug":"login-to-partner-section","status":"publish","type":"page","link":"https:\/\/proid.cz\/en\/login-to-partner-section\/","title":{"rendered":"Login to the partner section"},"content":{"rendered":"\n<div class=\"um um-login um-21443\">\n\t<div class=\"um-form\">\n\t\t<form method=\"post\" action=\"\" autocomplete=\"off\">\n\t\t\t<div class=\"um-row _um_row_1 \" style=\"margin: 0 0 30px 0;\"><div class=\"um-col-1\"><div  id=\"um_field_21443_username\" class=\"um-field um-field-text  um-field-username um-field-text um-field-type_text\" data-key=\"username\"><div class=\"um-field-label\"><label for=\"username-21443\">Username or E-mail<span class=\"um-req\" title=\"Required\">*<\/span><\/label><div class=\"um-clear\"><\/div><\/div><div class=\"um-field-area\"><input  autocomplete=\"off\" class=\"um-form-field valid \" type=\"text\" name=\"username-21443\" id=\"username-21443\" value=\"\" placeholder=\"\" data-validate=\"unique_username_or_email\" data-key=\"username\"  aria-invalid=\"false\" \/>\n\n\t\t\t\t\t\t<\/div><\/div><div  id=\"um_field_21443_user_password\" class=\"um-field um-field-password  um-field-user_password um-field-password um-field-type_password\" data-key=\"user_password\"><div class=\"um-field-label\"><label for=\"user_password-21443\">Password<span class=\"um-req\" title=\"Required\">*<\/span><\/label><div class=\"um-clear\"><\/div><\/div><div class=\"um-field-area\"><input class=\"um-form-field valid \" type=\"password\" name=\"user_password-21443\" id=\"user_password-21443\" value=\"\" placeholder=\"\" data-validate=\"\" data-key=\"user_password\"  aria-invalid=\"false\" \/>\n\n\t\t\t\t\t\t\t<\/div><\/div><\/div><\/div>\t\t<input type=\"hidden\" name=\"form_id\" id=\"form_id_21443\" value=\"21443\" \/>\n\t\n\t<p class=\"um_request_name\">\n\t\t<label for=\"um_request_21443\">Only fill in if you are not human<\/label>\n\t\t<input type=\"hidden\" name=\"um_request\" id=\"um_request_21443\" class=\"input\" value=\"\" size=\"25\" autocomplete=\"off\" \/>\n\t<\/p>\n\n\t<input type=\"hidden\" id=\"_wpnonce\" name=\"_wpnonce\" value=\"c3f59ea095\" \/><input type=\"hidden\" name=\"_wp_http_referer\" value=\"\/en\/wp-json\/wp\/v2\/pages\/21195\" \/>\n\t<div class=\"um-col-alt\">\n\n\t\t\n\t\t\t<div class=\"um-center\">\n\t\t\t\t<input type=\"submit\" value=\"Login\" class=\"um-button\" id=\"um-submit-btn\" \/>\n\t\t\t<\/div>\n\n\t\t\n\t\t<div class=\"um-clear\"><\/div>\n\n\t<\/div>\n\n\t\t\t<\/form>\n\t<\/div>\n<\/div>\n<style>\n\t\t\t.um-21443.um {\n\t\t\tmax-width: 450px;\n\t\t}\n\t\t<\/style>\n\n","protected":false},"excerpt":{"rendered":"<p>Username or E-mail* Password* Only fill in if you are not human<\/p>\n","protected":false},"author":1,"featured_media":0,"parent":0,"menu_order":0,"comment_status":"closed","ping_status":"closed","template":"","meta":{"episode_type":"","audio_file":"","cover_image":"","cover_image_id":"","duration":"","filesize":"","date_recorded":"","explicit":"","block":"","itunes_episode_number":"","itunes_title":"","itunes_season_number":"","itunes_episode_type":"","filesize_raw":""},"yoast_head":"<!-- This site is optimized with the Yoast SEO plugin v20.6 - https:\/\/yoast.com\/wordpress\/plugins\/seo\/ -->\n<title>Login to the partner section &ndash; ProID<\/title>\n<meta name=\"description\" content=\"N\u00e1stroje pro multifaktorovou autentizaci (MFA, 2FA), elektronick\u00fd podpis a pracovn\u00ed identitu v ucelen\u00e9 platform\u011b. V\u00fdstavba PKI a certifika\u010dn\u00edch autorit.\" \/>\n<meta name=\"robots\" content=\"noindex, nofollow\" \/>\n<meta property=\"og:locale\" content=\"en_US\" \/>\n<meta property=\"og:type\" content=\"article\" \/>\n<meta property=\"og:title\" content=\"Login to the partner section &ndash; ProID\" \/>\n<meta property=\"og:description\" content=\"N\u00e1stroje pro multifaktorovou autentizaci (MFA, 2FA), elektronick\u00fd podpis a pracovn\u00ed identitu v ucelen\u00e9 platform\u011b. V\u00fdstavba PKI a certifika\u010dn\u00edch autorit.\" \/>\n<meta property=\"og:url\" content=\"https:\/\/proid.cz\/en\/login-to-partner-section\/\" \/>\n<meta property=\"og:site_name\" content=\"ProID\" \/>\n<meta property=\"article:modified_time\" content=\"2023-12-04T10:43:25+00:00\" \/>\n<meta property=\"og:image\" content=\"https:\/\/proid.cz\/wp-content\/uploads\/2020\/06\/Header_722x560_05_banner-proid-home-4.jpg\" \/>\n\t<meta property=\"og:image:width\" content=\"765\" \/>\n\t<meta property=\"og:image:height\" content=\"595\" \/>\n\t<meta property=\"og:image:type\" content=\"image\/jpeg\" \/>\n<meta name=\"twitter:card\" content=\"summary_large_image\" \/>\n<script type=\"application\/ld+json\" class=\"yoast-schema-graph\">{\"@context\":\"https:\/\/schema.org\",\"@graph\":[{\"@type\":\"WebPage\",\"@id\":\"https:\/\/proid.cz\/en\/login-to-partner-section\/\",\"url\":\"https:\/\/proid.cz\/en\/login-to-partner-section\/\",\"name\":\"Login to the partner section &ndash; ProID\",\"isPartOf\":{\"@id\":\"https:\/\/proid.cz\/en\/#website\"},\"datePublished\":\"2023-09-01T12:50:25+00:00\",\"dateModified\":\"2023-12-04T10:43:25+00:00\",\"description\":\"N\u00e1stroje pro multifaktorovou autentizaci (MFA, 2FA), elektronick\u00fd podpis a pracovn\u00ed identitu v ucelen\u00e9 platform\u011b. V\u00fdstavba PKI a certifika\u010dn\u00edch autorit.\",\"breadcrumb\":{\"@id\":\"https:\/\/proid.cz\/en\/login-to-partner-section\/#breadcrumb\"},\"inLanguage\":\"en-US\",\"potentialAction\":[{\"@type\":\"ReadAction\",\"target\":[\"https:\/\/proid.cz\/en\/login-to-partner-section\/\"]}]},{\"@type\":\"BreadcrumbList\",\"@id\":\"https:\/\/proid.cz\/en\/login-to-partner-section\/#breadcrumb\",\"itemListElement\":[{\"@type\":\"ListItem\",\"position\":1,\"name\":\"Dom\u016f\",\"item\":\"https:\/\/proid.cz\/en\/\"},{\"@type\":\"ListItem\",\"position\":2,\"name\":\"Login to the partner section\"}]},{\"@type\":\"WebSite\",\"@id\":\"https:\/\/proid.cz\/en\/#website\",\"url\":\"https:\/\/proid.cz\/en\/\",\"name\":\"ProID\",\"description\":\"Ultimate Digital Identity for Employees and Organisations\",\"publisher\":{\"@id\":\"https:\/\/proid.cz\/en\/#organization\"},\"potentialAction\":[{\"@type\":\"SearchAction\",\"target\":{\"@type\":\"EntryPoint\",\"urlTemplate\":\"https:\/\/proid.cz\/en\/?s={search_term_string}\"},\"query-input\":\"required name=search_term_string\"}],\"inLanguage\":\"en-US\"},{\"@type\":\"Organization\",\"@id\":\"https:\/\/proid.cz\/en\/#organization\",\"name\":\"ProID by MONET+\",\"url\":\"https:\/\/proid.cz\/en\/\",\"logo\":{\"@type\":\"ImageObject\",\"inLanguage\":\"en-US\",\"@id\":\"https:\/\/proid.cz\/en\/#\/schema\/logo\/image\/\",\"url\":\"https:\/\/proid.cz\/wp-content\/uploads\/2021\/06\/logo_proid_1200x1200_white-680.png\",\"contentUrl\":\"https:\/\/proid.cz\/wp-content\/uploads\/2021\/06\/logo_proid_1200x1200_white-680.png\",\"width\":680,\"height\":680,\"caption\":\"ProID by MONET+\"},\"image\":{\"@id\":\"https:\/\/proid.cz\/en\/#\/schema\/logo\/image\/\"}}]}<\/script>\n<!-- \/ Yoast SEO plugin. -->","yoast_head_json":{"title":"Login to the partner section &ndash; ProID","description":"N\u00e1stroje pro multifaktorovou autentizaci (MFA, 2FA), elektronick\u00fd podpis a pracovn\u00ed identitu v ucelen\u00e9 platform\u011b. V\u00fdstavba PKI a certifika\u010dn\u00edch autorit.","robots":{"index":"noindex","follow":"nofollow"},"og_locale":"en_US","og_type":"article","og_title":"Login to the partner section &ndash; ProID","og_description":"N\u00e1stroje pro multifaktorovou autentizaci (MFA, 2FA), elektronick\u00fd podpis a pracovn\u00ed identitu v ucelen\u00e9 platform\u011b. V\u00fdstavba PKI a certifika\u010dn\u00edch autorit.","og_url":"https:\/\/proid.cz\/en\/login-to-partner-section\/","og_site_name":"ProID","article_modified_time":"2023-12-04T10:43:25+00:00","og_image":[{"width":765,"height":595,"url":"https:\/\/proid.cz\/wp-content\/uploads\/2020\/06\/Header_722x560_05_banner-proid-home-4.jpg","type":"image\/jpeg"}],"twitter_card":"summary_large_image","schema":{"@context":"https:\/\/schema.org","@graph":[{"@type":"WebPage","@id":"https:\/\/proid.cz\/en\/login-to-partner-section\/","url":"https:\/\/proid.cz\/en\/login-to-partner-section\/","name":"Login to the partner section &ndash; ProID","isPartOf":{"@id":"https:\/\/proid.cz\/en\/#website"},"datePublished":"2023-09-01T12:50:25+00:00","dateModified":"2023-12-04T10:43:25+00:00","description":"N\u00e1stroje pro multifaktorovou autentizaci (MFA, 2FA), elektronick\u00fd podpis a pracovn\u00ed identitu v ucelen\u00e9 platform\u011b. V\u00fdstavba PKI a certifika\u010dn\u00edch autorit.","breadcrumb":{"@id":"https:\/\/proid.cz\/en\/login-to-partner-section\/#breadcrumb"},"inLanguage":"en-US","potentialAction":[{"@type":"ReadAction","target":["https:\/\/proid.cz\/en\/login-to-partner-section\/"]}]},{"@type":"BreadcrumbList","@id":"https:\/\/proid.cz\/en\/login-to-partner-section\/#breadcrumb","itemListElement":[{"@type":"ListItem","position":1,"name":"Dom\u016f","item":"https:\/\/proid.cz\/en\/"},{"@type":"ListItem","position":2,"name":"Login to the partner section"}]},{"@type":"WebSite","@id":"https:\/\/proid.cz\/en\/#website","url":"https:\/\/proid.cz\/en\/","name":"ProID","description":"Ultimate Digital Identity for Employees and Organisations","publisher":{"@id":"https:\/\/proid.cz\/en\/#organization"},"potentialAction":[{"@type":"SearchAction","target":{"@type":"EntryPoint","urlTemplate":"https:\/\/proid.cz\/en\/?s={search_term_string}"},"query-input":"required name=search_term_string"}],"inLanguage":"en-US"},{"@type":"Organization","@id":"https:\/\/proid.cz\/en\/#organization","name":"ProID by MONET+","url":"https:\/\/proid.cz\/en\/","logo":{"@type":"ImageObject","inLanguage":"en-US","@id":"https:\/\/proid.cz\/en\/#\/schema\/logo\/image\/","url":"https:\/\/proid.cz\/wp-content\/uploads\/2021\/06\/logo_proid_1200x1200_white-680.png","contentUrl":"https:\/\/proid.cz\/wp-content\/uploads\/2021\/06\/logo_proid_1200x1200_white-680.png","width":680,"height":680,"caption":"ProID by MONET+"},"image":{"@id":"https:\/\/proid.cz\/en\/#\/schema\/logo\/image\/"}}]}},"_links":{"self":[{"href":"https:\/\/proid.cz\/en\/wp-json\/wp\/v2\/pages\/21195"}],"collection":[{"href":"https:\/\/proid.cz\/en\/wp-json\/wp\/v2\/pages"}],"about":[{"href":"https:\/\/proid.cz\/en\/wp-json\/wp\/v2\/types\/page"}],"author":[{"embeddable":true,"href":"https:\/\/proid.cz\/en\/wp-json\/wp\/v2\/users\/1"}],"replies":[{"embeddable":true,"href":"https:\/\/proid.cz\/en\/wp-json\/wp\/v2\/comments?post=21195"}],"version-history":[{"count":4,"href":"https:\/\/proid.cz\/en\/wp-json\/wp\/v2\/pages\/21195\/revisions"}],"predecessor-version":[{"id":26687,"href":"https:\/\/proid.cz\/en\/wp-json\/wp\/v2\/pages\/21195\/revisions\/26687"}],"wp:attachment":[{"href":"https:\/\/proid.cz\/en\/wp-json\/wp\/v2\/media?parent=21195"}],"curies":[{"name":"wp","href":"https:\/\/api.w.org\/{rel}","templated":true}]}}