{"id":29578,"date":"2020-11-12T15:19:41","date_gmt":"2020-11-12T14:19:41","guid":{"rendered":"https:\/\/proid.cz\/demo\/"},"modified":"2025-05-16T12:29:58","modified_gmt":"2025-05-16T10:29:58","slug":"demo-for-free","status":"publish","type":"page","link":"https:\/\/proid.cz\/en\/demo-for-free\/","title":{"rendered":"Free Trial"},"content":{"rendered":"<p>[vc_row type=&#8221;vc_default&#8221;][vc_column][vc_empty_space height=&#8221;60&#8243;][vc_empty_space height=&#8221;40&#8243;][vc_row_inner content_placement=&#8221;middle&#8221;][vc_column_inner width=&#8221;1\/2&#8243;][vc_column_text]<\/p>\n<h1>Sign-up Demo for Free<\/h1>\n<p>[\/vc_column_text][vc_empty_space height=&#8221;20&#8243;][vc_column_text]<\/p>\n<h3>Explore all features of ProID Platform<\/h3>\n<p>[\/vc_column_text][vc_empty_space height=&#8221;20&#8243;][\/vc_column_inner][vc_column_inner width=&#8221;1\/2&#8243;][vc_column_text]<\/p>\n<h4 style=\"text-align: left;\"><span style=\"color: #333399;\">Wondering how our tools can help your organisation? Book an online demo, meet our team during a&nbsp;personal video meeting and get a&nbsp;free trial package.<\/span><\/h4>\n<p>[\/vc_column_text][vc_empty_space height=&#8221;10&#8243;][\/vc_column_inner][\/vc_row_inner][vc_empty_space height=&#8221;50&#8243;][\/vc_column][\/vc_row][vc_row type=&#8221;vc_default&#8221; disable_element=&#8221;yes&#8221;][vc_column][vc_empty_space height=&#8221;20&#8243;][vc_row_inner][vc_column_inner width=&#8221;1\/6&#8243;][\/vc_column_inner][vc_column_inner width=&#8221;2\/3&#8243;][vc_column_text][\/vc_column_text][\/vc_column_inner][vc_column_inner width=&#8221;1\/6&#8243;][\/vc_column_inner][\/vc_row_inner][vc_empty_space height=&#8221;70&#8243;][\/vc_column][\/vc_row][vc_row type=&#8221;vc_default&#8221; disable_element=&#8221;yes&#8221;][vc_column][vc_row_inner content_placement=&#8221;middle&#8221;][vc_column_inner width=&#8221;1\/2&#8243;][vc_empty_space height=&#8221;50&#8243;][vc_single_image image=&#8221;28517&#8243; img_size=&#8221;full&#8221; alignment=&#8221;center&#8221; style=&#8221;vc_box_rounded&#8221;][vc_empty_space height=&#8221;50&#8243;][\/vc_column_inner][vc_column_inner width=&#8221;1\/2&#8243;]<div class=\"standard-arrow list-divider bullet-top\"><h3>Why book an online demo:<\/h3>\n<ul>\n<li><strong>Quick and easy:<\/strong> Demo is online, no need to travel<\/li>\n<li><strong>Tailored to you:<\/strong> We tailor the demo to your needs and requirements<\/li>\n<li><strong>No obligation:<\/strong> the online demo is free and does not commit you to any further action<\/li>\n<\/ul>\n<\/div>[vc_empty_space height=&#8221;30&#8243;]<div class=\"standard-arrow list-divider bullet-top\"><h3>Demo content:<\/h3>\n<ul>\n<li>Detailed introduction of key features of our tools<\/li>\n<li>One-on-one consultation with our expert to answer all your questions<\/li>\n<li>Demonstrations of specific benefits for organizations of your type<\/li>\n<li>Opportunity to get a&nbsp;<span style=\"color: #ff0000;\">free trial package<\/span><\/li>\n<li>Option to test implementation within your organization<\/li>\n<\/ul>\n<\/div>[\/vc_column_inner][\/vc_row_inner][vc_empty_space height=&#8221;50&#8243;][\/vc_column][\/vc_row][vc_row type=&#8221;vc_default&#8221; el_id=&#8221;registrace&#8221; css=&#8221;.vc_custom_1707826411035{padding: 20px !important;background-color: #f5f6f7 !important;border-radius: 30px !important;}&#8221;][vc_column][vc_row_inner][vc_column_inner width=&#8221;1\/6&#8243; css=&#8221;.vc_custom_1610006064480{background-color: #f5f5f5 !important;}&#8221;][vc_empty_space height=&#8221;20&#8243;][\/vc_column_inner][vc_column_inner width=&#8221;2\/3&#8243;][vc_column_text]<\/p>\n<h3 style=\"text-align: center;\">To book a&nbsp;demo, fill out this form.<br \/>\nOur team will contact you as soon as possible.<\/h3>\n<p>[\/vc_column_text][vc_empty_space height=&#8221;20&#8243;]\n<div class=\"wpcf7 no-js\" id=\"wpcf7-f29577-o1\" lang=\"en-US\" dir=\"ltr\">\n<div class=\"screen-reader-response\"><p role=\"status\" aria-live=\"polite\" aria-atomic=\"true\"><\/p> <ul><\/ul><\/div>\n<form action=\"\/en\/wp-json\/wp\/v2\/pages\/29578#wpcf7-f29577-o1\" method=\"post\" class=\"wpcf7-form init\" aria-label=\"Contact form\" novalidate=\"novalidate\" data-status=\"init\">\n<div style=\"display: none;\">\n<input type=\"hidden\" name=\"_wpcf7\" value=\"29577\" \/>\n<input type=\"hidden\" name=\"_wpcf7_version\" value=\"5.7.6\" \/>\n<input type=\"hidden\" name=\"_wpcf7_locale\" value=\"en_US\" \/>\n<input type=\"hidden\" name=\"_wpcf7_unit_tag\" value=\"wpcf7-f29577-o1\" \/>\n<input type=\"hidden\" name=\"_wpcf7_container_post\" value=\"0\" \/>\n<input type=\"hidden\" name=\"_wpcf7_posted_data_hash\" value=\"\" \/>\n<input type=\"hidden\" name=\"_wpcf7_recaptcha_response\" value=\"\" \/>\n<\/div>\n<div class=\"one-half\">\n\t<p><label> Your name*<br \/>\n<span class=\"wpcf7-form-control-wrap\" data-name=\"your-name\"><input size=\"40\" class=\"wpcf7-form-control wpcf7-text wpcf7-validates-as-required\" aria-required=\"true\" aria-invalid=\"false\" value=\"\" type=\"text\" name=\"your-name\" \/><\/span> <\/label>\n\t<\/p>\n<\/div>\n<div class=\"one-half last\">\n\t<p><label> Organisation name*<br \/>\n<span class=\"wpcf7-form-control-wrap\" data-name=\"your-subject\"><input size=\"40\" class=\"wpcf7-form-control wpcf7-text wpcf7-validates-as-required\" aria-required=\"true\" aria-invalid=\"false\" value=\"\" type=\"text\" name=\"your-subject\" \/><\/span> <\/label>\n\t<\/p>\n<\/div>\n<div class=\"one-half\">\n\t<p><label> Phone*<br \/>\n<span class=\"wpcf7-form-control-wrap\" data-name=\"tel-946\"><input size=\"40\" class=\"wpcf7-form-control wpcf7-text wpcf7-tel wpcf7-validates-as-required wpcf7-validates-as-tel\" aria-required=\"true\" aria-invalid=\"false\" value=\"\" type=\"tel\" name=\"tel-946\" \/><\/span><\/label>\n\t<\/p>\n<\/div>\n<div class=\"one-half last\">\n\t<p><label> Email*<br \/>\n<span class=\"wpcf7-form-control-wrap\" data-name=\"your-email\"><input size=\"40\" class=\"wpcf7-form-control wpcf7-text wpcf7-email wpcf7-validates-as-required wpcf7-validates-as-email\" aria-required=\"true\" aria-invalid=\"false\" value=\"\" type=\"email\" name=\"your-email\" \/><\/span> <\/label>\n\t<\/p>\n<\/div>\n\n<!--<div class=\"one-half\">\n<label> Job position*\n<span class=\"wpcf7-form-control-wrap\" data-name=\"text-960\"><input size=\"40\" class=\"wpcf7-form-control wpcf7-text wpcf7-validates-as-required\" aria-required=\"true\" aria-invalid=\"false\" value=\"\" type=\"text\" name=\"text-960\" \/><\/span><\/label>\n<\/div>\n<div class=\"one-half last\">\n<label> Number of users\n  <span class=\"wpcf7-form-control-wrap\" data-name=\"text-148\"><input size=\"40\" class=\"wpcf7-form-control wpcf7-text\" aria-invalid=\"false\" value=\"\" type=\"text\" name=\"text-148\" \/><\/span><\/label>\n<\/div>\n\n<div class=\"one-half\">\n<label>Field of your organisation\n<span class=\"wpcf7-form-control-wrap\" data-name=\"menu-214\"><select class=\"wpcf7-form-control wpcf7-select\" aria-invalid=\"false\" name=\"menu-214\"><option value=\"\">&#8212;Please choose an option&#8212;<\/option><option value=\"IT Distributor\">IT Distributor<\/option><option value=\"Government &amp; Local Government\">Government &amp; Local Government<\/option><option value=\"Healthcare\">Healthcare<\/option><option value=\"Banking &amp; Finance\">Banking &amp; Finance<\/option><option value=\"Energy &amp; Utilities\">Energy &amp; Utilities<\/option><option value=\"Manufacturing &amp; Commercial\">Manufacturing &amp; Commercial<\/option><option value=\"Other\">Other<\/option><\/select><\/span><\/label><\/div>\n\n<div class=\"one-half last\">\n<label>Expected function\n<span class=\"wpcf7-form-control-wrap\" data-name=\"menu-708\"><select class=\"wpcf7-form-control wpcf7-select\" aria-invalid=\"false\" name=\"menu-708\"><option value=\"\">&#8212;Please choose an option&#8212;<\/option><option value=\"Multifactor Authentication\">Multifactor Authentication<\/option><option value=\"Electronic Signature\">Electronic Signature<\/option><option value=\"Access Control\">Access Control<\/option><option value=\"Digital Certificate Management\">Digital Certificate Management<\/option><\/select><\/span>\n<\/div>-->\n<p>Your Country*<br \/>\n<span class=\"wpcf7-form-control-wrap\" data-name=\"menu-17\"><select class=\"wpcf7-form-control wpcf7-select wpcf7-validates-as-required\" aria-required=\"true\" aria-invalid=\"false\" name=\"menu-17\"><option value=\"\">&#8212;Please choose an option&#8212;<\/option><option value=\"Albania\">Albania<\/option><option value=\"Argentina\">Argentina<\/option><option value=\"Armenia\">Armenia<\/option><option value=\"Australia\">Australia<\/option><option value=\"Austria\">Austria<\/option><option value=\"Bangladesh\">Bangladesh<\/option><option value=\"Belgium\">Belgium<\/option><option value=\"Bulgaria\">Bulgaria<\/option><option value=\"Bosnia and Herzegovina\">Bosnia and Herzegovina<\/option><option value=\"Brazil\">Brazil<\/option><option value=\"Canada\">Canada<\/option><option value=\"Czechia\">Czechia<\/option><option value=\"Switzerland\">Switzerland<\/option><option value=\"Germany\">Germany<\/option><option value=\"Denmark\">Denmark<\/option><option value=\"Spain\">Spain<\/option><option value=\"Estonia\">Estonia<\/option><option value=\"Finland\">Finland<\/option><option value=\"France\">France<\/option><option value=\"United Kingdom\">United Kingdom<\/option><option value=\"Georgia\">Georgia<\/option><option value=\"Greece\">Greece<\/option><option value=\"Croatia\">Croatia<\/option><option value=\"Hungary\">Hungary<\/option><option value=\"India\">India<\/option><option value=\"Ireland\">Ireland<\/option><option value=\"Lithuania\">Lithuania<\/option><option value=\"Luxembourg\">Luxembourg<\/option><option value=\"Latvia\">Latvia<\/option><option value=\"Mexico\">Mexico<\/option><option value=\"Macedonia\">Macedonia<\/option><option value=\"Montenegro\">Montenegro<\/option><option value=\"Niger\">Niger<\/option><option value=\"Netherlands\">Netherlands<\/option><option value=\"Norway\">Norway<\/option><option value=\"New Zealand\">New Zealand<\/option><option value=\"Poland\">Poland<\/option><option value=\"Portugal\">Portugal<\/option><option value=\"Paraguay\">Paraguay<\/option><option value=\"Romania\">Romania<\/option><option value=\"Serbia\">Serbia<\/option><option value=\"Slovakia\">Slovakia<\/option><option value=\"Slovenia\">Slovenia<\/option><option value=\"Sweden\">Sweden<\/option><option value=\"Switzerland\">Switzerland<\/option><option value=\"Turkey\">Turkey<\/option><option value=\"Ukraine\">Ukraine<\/option><option value=\"United States\">United States<\/option><option value=\"South Africa\">South Africa<\/option><option value=\"Other - Europe\">Other - Europe<\/option><option value=\"Other - Asia\">Other - Asia<\/option><option value=\"Other - Africa\">Other - Africa<\/option><option value=\"Other - South America\">Other - South America<\/option><\/select><\/span>\n<\/p>\n\n<!--Notes\n<span class=\"wpcf7-form-control-wrap\" data-name=\"textarea-363\"><textarea cols=\"40\" rows=\"10\" class=\"wpcf7-form-control wpcf7-textarea\" aria-invalid=\"false\" name=\"textarea-363\"><\/textarea><\/span>-->\n<p>By filling in the form you agree to the <a href=\"https:\/\/www.monetplus.cz\/zasady-zpracovani-osobnich-udaju\" target=\"_blank\">processing of personal data<\/a>.\n<\/p>\n<p><input class=\"wpcf7-form-control has-spinner wpcf7-submit\" type=\"submit\" value=\"Submit\" \/>\n<\/p><input type='hidden' class='wpcf7-pum' value='{\"closepopup\":false,\"closedelay\":0,\"openpopup\":false,\"openpopup_id\":0}' \/><div class=\"wpcf7-response-output\" aria-hidden=\"true\"><\/div>\n<\/form>\n<\/div>\n[vc_empty_space height=&#8221;20&#8243;][\/vc_column_inner][vc_column_inner width=&#8221;1\/6&#8243;][\/vc_column_inner][\/vc_row_inner][vc_empty_space height=&#8221;20&#8243;][\/vc_column][\/vc_row][vc_row type=&#8221;vc_default&#8221; disable_element=&#8221;yes&#8221;][vc_column width=&#8221;1\/6&#8243;][\/vc_column][vc_column width=&#8221;2\/3&#8243;][vc_empty_space height=&#8221;50&#8243;]<div class=\"standard-arrow list-divider bullet-top\"><h3>How does it work?<\/h3>\n<ul>\n<li>Fill in the initial form<\/li>\n<li>Our team will contact you to book a&nbsp;date and clarify your specific requirements<\/li>\n<li>Join an online meeting, enjoy the presentation and have a&nbsp;live discussion with our specialist<\/li>\n<\/ul>\n<\/div>[vc_empty_space height=&#8221;30&#8243;][\/vc_column][vc_column width=&#8221;1\/6&#8243;][\/vc_column][\/vc_row][vc_row type=&#8221;vc_default&#8221; disable_element=&#8221;yes&#8221;][vc_column][vc_empty_space height=&#8221;20&#8243;][vc_row_inner content_placement=&#8221;middle&#8221;][vc_column_inner width=&#8221;1\/2&#8243;][vc_single_image image=&#8221;3077&#8243; img_size=&#8221;full&#8221; style=&#8221;vc_box_rounded&#8221;][\/vc_column_inner][vc_column_inner width=&#8221;1\/2&#8243;]<div class=\"standard-arrow bullet-top\"><h3>Bezpe\u010dn\u00e9 p\u0159ihl\u00e1\u0161en\u00ed a&nbsp;elektronick\u00fd podpis<\/h3>\n<p>Na\u0161e \u0159e\u0161en\u00ed v\u00fdrazn\u011b zvy\u0161uje pracovn\u00ed komfort zam\u011bstnanc\u016f a\u00a0nav\u00edc je \u00fa\u010dinn\u011b chr\u00e1n\u00ed proti mo\u017en\u00e9mu ohro\u017een\u00ed. Bezpe\u010dn\u00e1 digit\u00e1ln\u00ed identita ProID toti\u017e nab\u00edz\u00ed n\u011bkolik vz\u00e1jemn\u011b propojen\u00fdch bod\u016f:<\/p>\n<ul>\n<li><b>Zam\u011bstnanec<\/b>\u00a0je vybaven n\u00e1stroji pro bezpe\u010dnou, multifaktorovou autentizaci do po\u010d\u00edta\u010d\u016f a\u00a0syst\u00e9m\u016f (\u010dipov\u00e9 karty, mobiln\u00ed aplikace, USB tokeny atd.).<\/li>\n<li>Tyto n\u00e1stroje \u0161ifruj\u00ed v\u0161echna p\u0159ihl\u00e1\u0161en\u00ed, z\u00e1rove\u0148 v\u0161ak umo\u017e\u0148uj\u00ed vytv\u00e1\u0159et\u00a0<strong>kvalifikovan\u00fd elektronick\u00fd podpis<\/strong>, \u0161ifrovat odes\u00edlan\u00e9 soubory \u010di se bezpe\u010dn\u011b p\u0159ipojovat do VPN.<\/li>\n<li><b>Spr\u00e1vci IT<\/b>\u00a0jsou vybaveni sadou modul\u016f pro automatizaci proces\u016f a\u00a0snadnou spr\u00e1vu \u017eivotn\u00edho cyklu elektronick\u00fdch certifik\u00e1t\u016f.<\/li>\n<li>Samotn\u00e1\u00a0<b>organizace<\/b>\u00a0m\u016f\u017ee b\u00fdt vybavena komplexn\u00ed PKI (Public Key Infrastructure) infrastrukturou, kter\u00e1 obsahuje vlastn\u00ed certifika\u010dn\u00ed autority a\u00a0\u0159\u00edd\u00ed distribuci elektronick\u00fdch certifik\u00e1t\u016f.<\/li>\n<\/ul>\n<\/div>[\/vc_column_inner][\/vc_row_inner][vc_empty_space height=&#8221;50&#8243;][\/vc_column][\/vc_row][vc_row][vc_column][vc_empty_space height=&#8221;50&#8243;][vc_empty_space height=&#8221;50&#8243;][\/vc_column][\/vc_row]<\/p>\n","protected":false},"excerpt":{"rendered":"<p>[vc_row type=&#8221;vc_default&#8221;][vc_column][vc_empty_space height=&#8221;60&#8243;][vc_empty_space height=&#8221;40&#8243;][vc_row_inner content_placement=&#8221;middle&#8221;][vc_column_inner width=&#8221;1\/2&#8243;][vc_column_text] Sign-up Demo for Free [\/vc_column_text][vc_empty_space height=&#8221;20&#8243;][vc_column_text] Explore all features of ProID Platform [\/vc_column_text][vc_empty_space height=&#8221;20&#8243;][\/vc_column_inner][vc_column_inner width=&#8221;1\/2&#8243;][vc_column_text] Wondering how our tools can help your organisation? Book an online demo, meet our team during a&nbsp;personal video meeting and get a&nbsp;free trial package. [\/vc_column_text][vc_empty_space height=&#8221;10&#8243;][\/vc_column_inner][\/vc_row_inner][vc_empty_space height=&#8221;50&#8243;][\/vc_column][\/vc_row][vc_row type=&#8221;vc_default&#8221; disable_element=&#8221;yes&#8221;][vc_column][vc_empty_space height=&#8221;20&#8243;][vc_row_inner][vc_column_inner width=&#8221;1\/6&#8243;][\/vc_column_inner][vc_column_inner width=&#8221;2\/3&#8243;][vc_column_text][\/vc_column_text][\/vc_column_inner][vc_column_inner width=&#8221;1\/6&#8243;][\/vc_column_inner][\/vc_row_inner][vc_empty_space height=&#8221;70&#8243;][\/vc_column][\/vc_row][vc_row&hellip;<\/p>\n","protected":false},"author":1,"featured_media":28590,"parent":0,"menu_order":0,"comment_status":"closed","ping_status":"closed","template":"","meta":{"episode_type":"","audio_file":"","cover_image":"","cover_image_id":"","duration":"","filesize":"","date_recorded":"","explicit":"","block":"","itunes_episode_number":"","itunes_title":"","itunes_season_number":"","itunes_episode_type":"","filesize_raw":""},"yoast_head":"<!-- This site is optimized with the Yoast SEO plugin v20.6 - https:\/\/yoast.com\/wordpress\/plugins\/seo\/ -->\n<title>Free Trial &ndash; ProID<\/title>\n<meta name=\"description\" content=\"Try our solution in a free online demo. Enterprise solution for reliable work identity, electronic signature and cybersecurity ProID.\" \/>\n<meta name=\"robots\" content=\"index, follow, max-snippet:-1, max-image-preview:large, max-video-preview:-1\" \/>\n<link rel=\"canonical\" href=\"https:\/\/proid.cz\/en\/demo-for-free\/\" \/>\n<meta property=\"og:locale\" content=\"en_US\" \/>\n<meta property=\"og:type\" content=\"article\" \/>\n<meta property=\"og:title\" content=\"Free Trial &ndash; ProID\" \/>\n<meta property=\"og:description\" content=\"Try our solution in a free online demo. Enterprise solution for reliable work identity, electronic signature and cybersecurity ProID.\" \/>\n<meta property=\"og:url\" content=\"https:\/\/proid.cz\/en\/demo-for-free\/\" \/>\n<meta property=\"og:site_name\" content=\"ProID\" \/>\n<meta property=\"article:modified_time\" content=\"2025-05-16T10:29:58+00:00\" \/>\n<meta property=\"og:image\" content=\"https:\/\/proid.cz\/wp-content\/uploads\/2020\/06\/domain-pki-3.jpg\" \/>\n\t<meta property=\"og:image:width\" content=\"1000\" \/>\n\t<meta property=\"og:image:height\" content=\"974\" \/>\n\t<meta property=\"og:image:type\" content=\"image\/jpeg\" \/>\n<meta name=\"twitter:card\" content=\"summary_large_image\" \/>\n<meta name=\"twitter:label1\" content=\"Est. reading time\" \/>\n\t<meta name=\"twitter:data1\" content=\"2 minutes\" \/>\n<script type=\"application\/ld+json\" class=\"yoast-schema-graph\">{\"@context\":\"https:\/\/schema.org\",\"@graph\":[{\"@type\":\"WebPage\",\"@id\":\"https:\/\/proid.cz\/en\/demo-for-free\/\",\"url\":\"https:\/\/proid.cz\/en\/demo-for-free\/\",\"name\":\"Free Trial &ndash; ProID\",\"isPartOf\":{\"@id\":\"https:\/\/proid.cz\/en\/#website\"},\"datePublished\":\"2020-11-12T14:19:41+00:00\",\"dateModified\":\"2025-05-16T10:29:58+00:00\",\"description\":\"Try our solution in a free online demo. Enterprise solution for reliable work identity, electronic signature and cybersecurity ProID.\",\"breadcrumb\":{\"@id\":\"https:\/\/proid.cz\/en\/demo-for-free\/#breadcrumb\"},\"inLanguage\":\"en-US\",\"potentialAction\":[{\"@type\":\"ReadAction\",\"target\":[\"https:\/\/proid.cz\/en\/demo-for-free\/\"]}]},{\"@type\":\"BreadcrumbList\",\"@id\":\"https:\/\/proid.cz\/en\/demo-for-free\/#breadcrumb\",\"itemListElement\":[{\"@type\":\"ListItem\",\"position\":1,\"name\":\"Dom\u016f\",\"item\":\"https:\/\/proid.cz\/en\/\"},{\"@type\":\"ListItem\",\"position\":2,\"name\":\"Free Trial\"}]},{\"@type\":\"WebSite\",\"@id\":\"https:\/\/proid.cz\/en\/#website\",\"url\":\"https:\/\/proid.cz\/en\/\",\"name\":\"ProID\",\"description\":\"Ultimate Digital Identity for Employees and Organisations\",\"publisher\":{\"@id\":\"https:\/\/proid.cz\/en\/#organization\"},\"potentialAction\":[{\"@type\":\"SearchAction\",\"target\":{\"@type\":\"EntryPoint\",\"urlTemplate\":\"https:\/\/proid.cz\/en\/?s={search_term_string}\"},\"query-input\":\"required name=search_term_string\"}],\"inLanguage\":\"en-US\"},{\"@type\":\"Organization\",\"@id\":\"https:\/\/proid.cz\/en\/#organization\",\"name\":\"ProID by MONET+\",\"url\":\"https:\/\/proid.cz\/en\/\",\"logo\":{\"@type\":\"ImageObject\",\"inLanguage\":\"en-US\",\"@id\":\"https:\/\/proid.cz\/en\/#\/schema\/logo\/image\/\",\"url\":\"https:\/\/proid.cz\/wp-content\/uploads\/2021\/06\/logo_proid_1200x1200_white-680.png\",\"contentUrl\":\"https:\/\/proid.cz\/wp-content\/uploads\/2021\/06\/logo_proid_1200x1200_white-680.png\",\"width\":680,\"height\":680,\"caption\":\"ProID by MONET+\"},\"image\":{\"@id\":\"https:\/\/proid.cz\/en\/#\/schema\/logo\/image\/\"}}]}<\/script>\n<!-- \/ Yoast SEO plugin. -->","yoast_head_json":{"title":"Free Trial &ndash; ProID","description":"Try our solution in a free online demo. Enterprise solution for reliable work identity, electronic signature and cybersecurity ProID.","robots":{"index":"index","follow":"follow","max-snippet":"max-snippet:-1","max-image-preview":"max-image-preview:large","max-video-preview":"max-video-preview:-1"},"canonical":"https:\/\/proid.cz\/en\/demo-for-free\/","og_locale":"en_US","og_type":"article","og_title":"Free Trial &ndash; ProID","og_description":"Try our solution in a free online demo. Enterprise solution for reliable work identity, electronic signature and cybersecurity ProID.","og_url":"https:\/\/proid.cz\/en\/demo-for-free\/","og_site_name":"ProID","article_modified_time":"2025-05-16T10:29:58+00:00","og_image":[{"width":1000,"height":974,"url":"https:\/\/proid.cz\/wp-content\/uploads\/2020\/06\/domain-pki-3.jpg","type":"image\/jpeg"}],"twitter_card":"summary_large_image","twitter_misc":{"Est. reading time":"2 minutes"},"schema":{"@context":"https:\/\/schema.org","@graph":[{"@type":"WebPage","@id":"https:\/\/proid.cz\/en\/demo-for-free\/","url":"https:\/\/proid.cz\/en\/demo-for-free\/","name":"Free Trial &ndash; ProID","isPartOf":{"@id":"https:\/\/proid.cz\/en\/#website"},"datePublished":"2020-11-12T14:19:41+00:00","dateModified":"2025-05-16T10:29:58+00:00","description":"Try our solution in a free online demo. Enterprise solution for reliable work identity, electronic signature and cybersecurity ProID.","breadcrumb":{"@id":"https:\/\/proid.cz\/en\/demo-for-free\/#breadcrumb"},"inLanguage":"en-US","potentialAction":[{"@type":"ReadAction","target":["https:\/\/proid.cz\/en\/demo-for-free\/"]}]},{"@type":"BreadcrumbList","@id":"https:\/\/proid.cz\/en\/demo-for-free\/#breadcrumb","itemListElement":[{"@type":"ListItem","position":1,"name":"Dom\u016f","item":"https:\/\/proid.cz\/en\/"},{"@type":"ListItem","position":2,"name":"Free Trial"}]},{"@type":"WebSite","@id":"https:\/\/proid.cz\/en\/#website","url":"https:\/\/proid.cz\/en\/","name":"ProID","description":"Ultimate Digital Identity for Employees and Organisations","publisher":{"@id":"https:\/\/proid.cz\/en\/#organization"},"potentialAction":[{"@type":"SearchAction","target":{"@type":"EntryPoint","urlTemplate":"https:\/\/proid.cz\/en\/?s={search_term_string}"},"query-input":"required name=search_term_string"}],"inLanguage":"en-US"},{"@type":"Organization","@id":"https:\/\/proid.cz\/en\/#organization","name":"ProID by MONET+","url":"https:\/\/proid.cz\/en\/","logo":{"@type":"ImageObject","inLanguage":"en-US","@id":"https:\/\/proid.cz\/en\/#\/schema\/logo\/image\/","url":"https:\/\/proid.cz\/wp-content\/uploads\/2021\/06\/logo_proid_1200x1200_white-680.png","contentUrl":"https:\/\/proid.cz\/wp-content\/uploads\/2021\/06\/logo_proid_1200x1200_white-680.png","width":680,"height":680,"caption":"ProID by MONET+"},"image":{"@id":"https:\/\/proid.cz\/en\/#\/schema\/logo\/image\/"}}]}},"_links":{"self":[{"href":"https:\/\/proid.cz\/en\/wp-json\/wp\/v2\/pages\/29578"}],"collection":[{"href":"https:\/\/proid.cz\/en\/wp-json\/wp\/v2\/pages"}],"about":[{"href":"https:\/\/proid.cz\/en\/wp-json\/wp\/v2\/types\/page"}],"author":[{"embeddable":true,"href":"https:\/\/proid.cz\/en\/wp-json\/wp\/v2\/users\/1"}],"replies":[{"embeddable":true,"href":"https:\/\/proid.cz\/en\/wp-json\/wp\/v2\/comments?post=29578"}],"version-history":[{"count":30,"href":"https:\/\/proid.cz\/en\/wp-json\/wp\/v2\/pages\/29578\/revisions"}],"predecessor-version":[{"id":60253,"href":"https:\/\/proid.cz\/en\/wp-json\/wp\/v2\/pages\/29578\/revisions\/60253"}],"wp:featuredmedia":[{"embeddable":true,"href":"https:\/\/proid.cz\/en\/wp-json\/wp\/v2\/media\/28590"}],"wp:attachment":[{"href":"https:\/\/proid.cz\/en\/wp-json\/wp\/v2\/media?parent=29578"}],"curies":[{"name":"wp","href":"https:\/\/api.w.org\/{rel}","templated":true}]}}