{"id":60656,"date":"2025-05-22T09:18:03","date_gmt":"2025-05-22T07:18:03","guid":{"rendered":"https:\/\/proid.cz\/?page_id=60656"},"modified":"2025-07-31T12:26:57","modified_gmt":"2025-07-31T10:26:57","slug":"pomyslnie-zarejestrowano-na-webinarium-pipedrive-pl","status":"publish","type":"page","link":"https:\/\/proid.cz\/en\/pomyslnie-zarejestrowano-na-webinarium-pipedrive-pl\/","title":{"rendered":"Pomy\u015blnie zarejestrowano na webinarium"},"content":{"rendered":"<p>[vc_row][vc_column][vc_empty_space height=&#8221;50&#8243;][vc_row_inner][vc_column_inner width=&#8221;1\/6&#8243;][\/vc_column_inner][vc_column_inner width=&#8221;2\/3&#8243;][vc_column_text]Dzi\u0119kujemy za rejestracj\u0119 na webinar <strong>\u201eZabezpieczenie dost\u0119pu do CRM\u201d<\/strong>, kt\u00f3ry odb\u0119dzie si\u0119 w czwartek, 11 wrzesie\u0144 2025 r., od 14:00 do 14:45 (CET).[\/vc_column_text][\/vc_column_inner][vc_column_inner width=&#8221;1\/6&#8243;][\/vc_column_inner][\/vc_row_inner][vc_empty_space height=&#8221;50&#8243;][vc_row_inner][vc_column_inner width=&#8221;1\/2&#8243;]<style type=\"text\/css\" data-type=\"the7_shortcodes-inline-css\">#default-btn-fec18f6468723e2c79d3020feeefa018.ico-right-side > i {\n  margin-right: 0px;\n  margin-left: 8px;\n}\n#default-btn-fec18f6468723e2c79d3020feeefa018 > i {\n  margin-right: 8px;\n}\n<\/style><div class=\"btn-align-center\"><a href=\"https:\/\/proid.cz\/download\/60739\/?tmstv=1752671001\" class=\"default-btn-shortcode dt-btn dt-btn-m link-hover-off ico-right-side full-width-btn \" id=\"default-btn-fec18f6468723e2c79d3020feeefa018\"><span>Dodaj wydarzenie do kalendarza<\/span><i class=\"dt-icon-the7-download\"><\/i><\/a><\/div>[\/vc_column_inner][vc_column_inner width=&#8221;1\/2&#8243;]<style type=\"text\/css\" data-type=\"the7_shortcodes-inline-css\">#default-btn-c56e08dcce633f167bcefebac3f629d6.ico-right-side > i {\n  margin-right: 0px;\n  margin-left: 8px;\n}\n#default-btn-c56e08dcce633f167bcefebac3f629d6 > i {\n  margin-right: 8px;\n}\n<\/style><div class=\"btn-align-center\"><a href=\"https:\/\/app.sli.do\/event\/bDiQW11G4NUxixiTf4v48h\" class=\"default-btn-shortcode dt-btn dt-btn-m link-hover-off ico-right-side full-width-btn \" id=\"default-btn-c56e08dcce633f167bcefebac3f629d6\"><span>Pok\u00f3j transmisji z&nbsp;webinarem<\/span><i class=\"icomoon-the7-font-the7-link-02\"><\/i><\/a><\/div>[\/vc_column_inner][\/vc_row_inner][vc_empty_space height=&#8221;50&#8243;][vc_row_inner][vc_column_inner width=&#8221;1\/6&#8243;][\/vc_column_inner][vc_column_inner width=&#8221;2\/3&#8243;][vc_column_text]<\/p>\n<ul>\n<li>Aby zapewni\u0107 p\u0142ynne po\u0142\u0105czenie, zarezerwuj sobie czas od godziny <strong data-start=\"177\" data-end=\"186\">13:50<\/strong>.<\/li>\n<li>Prosimy o&nbsp;otwarcie webinaru najlepiej w aktualnie u\u017cywanej przegl\u0105darce (Chrome, Firefox, Safari, Opera).<\/li>\n<li>Po klikni\u0119ciu w link do\u0142\u0105czenia wystarczy poda\u0107 <strong data-start=\"346\" data-end=\"379\">imi\u0119, nazwisko i&nbsp;adres e-mail<\/strong>, a&nbsp;nast\u0119pnie zostaniesz przeniesiony do poczekalni lub trwaj\u0105cego ju\u017c wydarzenia.<\/li>\n<li>Po rozpocz\u0119ciu webinaru w <strong data-start=\"490\" data-end=\"512\">prawym dolnym rogu<\/strong> pojawi si\u0119 okienko czatu, przez kt\u00f3re b\u0119dzie mo\u017cna zadawa\u0107 pytania online. <strong data-start=\"590\" data-end=\"637\">Twoja kamera i&nbsp;mikrofon pozostan\u0105 wy\u0142\u0105czone<\/strong> przez ca\u0142y czas trwania wydarzenia.<\/li>\n<\/ul>\n<p>[\/vc_column_text][\/vc_column_inner][vc_column_inner width=&#8221;1\/6&#8243;][\/vc_column_inner][\/vc_row_inner][vc_empty_space height=&#8221;50&#8243;][\/vc_column][\/vc_row]<\/p>\n","protected":false},"excerpt":{"rendered":"<p>[vc_row][vc_column][vc_empty_space height=&#8221;50&#8243;][vc_row_inner][vc_column_inner width=&#8221;1\/6&#8243;][\/vc_column_inner][vc_column_inner width=&#8221;2\/3&#8243;][vc_column_text]Dzi\u0119kujemy za rejestracj\u0119 na webinar \u201eZabezpieczenie dost\u0119pu do CRM\u201d, kt\u00f3ry odb\u0119dzie si\u0119 w czwartek, 11 wrzesie\u0144 2025 r., od 14:00 do 14:45 (CET).[\/vc_column_text][\/vc_column_inner][vc_column_inner width=&#8221;1\/6&#8243;][\/vc_column_inner][\/vc_row_inner][vc_empty_space height=&#8221;50&#8243;][vc_row_inner][vc_column_inner width=&#8221;1\/2&#8243;][\/vc_column_inner][vc_column_inner width=&#8221;1\/2&#8243;][\/vc_column_inner][\/vc_row_inner][vc_empty_space height=&#8221;50&#8243;][vc_row_inner][vc_column_inner width=&#8221;1\/6&#8243;][\/vc_column_inner][vc_column_inner width=&#8221;2\/3&#8243;][vc_column_text] Aby zapewni\u0107 p\u0142ynne po\u0142\u0105czenie, zarezerwuj sobie czas od godziny 13:50. Prosimy o&nbsp;otwarcie webinaru najlepiej w aktualnie u\u017cywanej przegl\u0105darce (Chrome, Firefox, Safari, Opera).&hellip;<\/p>\n","protected":false},"author":1,"featured_media":0,"parent":0,"menu_order":0,"comment_status":"closed","ping_status":"closed","template":"","meta":{"episode_type":"","audio_file":"","cover_image":"","cover_image_id":"","duration":"","filesize":"","date_recorded":"","explicit":"","block":"","itunes_episode_number":"","itunes_title":"","itunes_season_number":"","itunes_episode_type":"","filesize_raw":""},"yoast_head":"<!-- This site is optimized with the Yoast SEO plugin v20.6 - https:\/\/yoast.com\/wordpress\/plugins\/seo\/ -->\n<title>Pomy\u015blnie zarejestrowano na webinarium &ndash; ProID<\/title>\n<meta name=\"description\" content=\"N\u00e1stroje pro multifaktorovou autentizaci (MFA, 2FA), elektronick\u00fd podpis a pracovn\u00ed identitu v ucelen\u00e9 platform\u011b. V\u00fdstavba PKI a certifika\u010dn\u00edch autorit.\" \/>\n<meta name=\"robots\" content=\"index, follow, max-snippet:-1, max-image-preview:large, max-video-preview:-1\" \/>\n<link rel=\"canonical\" href=\"https:\/\/proid.cz\/en\/pomyslnie-zarejestrowano-na-webinarium-pipedrive-pl\/\" \/>\n<meta property=\"og:locale\" content=\"en_US\" \/>\n<meta property=\"og:type\" content=\"article\" \/>\n<meta property=\"og:title\" content=\"Pomy\u015blnie zarejestrowano na webinarium &ndash; ProID\" \/>\n<meta property=\"og:description\" content=\"N\u00e1stroje pro multifaktorovou autentizaci (MFA, 2FA), elektronick\u00fd podpis a pracovn\u00ed identitu v ucelen\u00e9 platform\u011b. V\u00fdstavba PKI a certifika\u010dn\u00edch autorit.\" \/>\n<meta property=\"og:url\" content=\"https:\/\/proid.cz\/en\/pomyslnie-zarejestrowano-na-webinarium-pipedrive-pl\/\" \/>\n<meta property=\"og:site_name\" content=\"ProID\" \/>\n<meta property=\"article:modified_time\" content=\"2025-07-31T10:26:57+00:00\" \/>\n<meta property=\"og:image\" content=\"https:\/\/proid.cz\/wp-content\/uploads\/2020\/06\/Header_722x560_05_banner-proid-home-4.jpg\" \/>\n\t<meta property=\"og:image:width\" content=\"765\" \/>\n\t<meta property=\"og:image:height\" content=\"595\" \/>\n\t<meta property=\"og:image:type\" content=\"image\/jpeg\" \/>\n<meta name=\"twitter:card\" content=\"summary_large_image\" \/>\n<meta name=\"twitter:label1\" content=\"Est. reading time\" \/>\n\t<meta name=\"twitter:data1\" content=\"1 minute\" \/>\n<script type=\"application\/ld+json\" class=\"yoast-schema-graph\">{\"@context\":\"https:\/\/schema.org\",\"@graph\":[{\"@type\":\"WebPage\",\"@id\":\"https:\/\/proid.cz\/en\/pomyslnie-zarejestrowano-na-webinarium-pipedrive-pl\/\",\"url\":\"https:\/\/proid.cz\/en\/pomyslnie-zarejestrowano-na-webinarium-pipedrive-pl\/\",\"name\":\"Pomy\u015blnie zarejestrowano na webinarium &ndash; ProID\",\"isPartOf\":{\"@id\":\"https:\/\/proid.cz\/en\/#website\"},\"datePublished\":\"2025-05-22T07:18:03+00:00\",\"dateModified\":\"2025-07-31T10:26:57+00:00\",\"description\":\"N\u00e1stroje pro multifaktorovou autentizaci (MFA, 2FA), elektronick\u00fd podpis a pracovn\u00ed identitu v ucelen\u00e9 platform\u011b. V\u00fdstavba PKI a certifika\u010dn\u00edch autorit.\",\"breadcrumb\":{\"@id\":\"https:\/\/proid.cz\/en\/pomyslnie-zarejestrowano-na-webinarium-pipedrive-pl\/#breadcrumb\"},\"inLanguage\":\"en-US\",\"potentialAction\":[{\"@type\":\"ReadAction\",\"target\":[\"https:\/\/proid.cz\/en\/pomyslnie-zarejestrowano-na-webinarium-pipedrive-pl\/\"]}]},{\"@type\":\"BreadcrumbList\",\"@id\":\"https:\/\/proid.cz\/en\/pomyslnie-zarejestrowano-na-webinarium-pipedrive-pl\/#breadcrumb\",\"itemListElement\":[{\"@type\":\"ListItem\",\"position\":1,\"name\":\"Dom\u016f\",\"item\":\"https:\/\/proid.cz\/en\/\"},{\"@type\":\"ListItem\",\"position\":2,\"name\":\"Pomy\u015blnie zarejestrowano na webinarium\"}]},{\"@type\":\"WebSite\",\"@id\":\"https:\/\/proid.cz\/en\/#website\",\"url\":\"https:\/\/proid.cz\/en\/\",\"name\":\"ProID\",\"description\":\"Ultimate Digital Identity for Employees and Organisations\",\"publisher\":{\"@id\":\"https:\/\/proid.cz\/en\/#organization\"},\"potentialAction\":[{\"@type\":\"SearchAction\",\"target\":{\"@type\":\"EntryPoint\",\"urlTemplate\":\"https:\/\/proid.cz\/en\/?s={search_term_string}\"},\"query-input\":\"required name=search_term_string\"}],\"inLanguage\":\"en-US\"},{\"@type\":\"Organization\",\"@id\":\"https:\/\/proid.cz\/en\/#organization\",\"name\":\"ProID by MONET+\",\"url\":\"https:\/\/proid.cz\/en\/\",\"logo\":{\"@type\":\"ImageObject\",\"inLanguage\":\"en-US\",\"@id\":\"https:\/\/proid.cz\/en\/#\/schema\/logo\/image\/\",\"url\":\"https:\/\/proid.cz\/wp-content\/uploads\/2021\/06\/logo_proid_1200x1200_white-680.png\",\"contentUrl\":\"https:\/\/proid.cz\/wp-content\/uploads\/2021\/06\/logo_proid_1200x1200_white-680.png\",\"width\":680,\"height\":680,\"caption\":\"ProID by MONET+\"},\"image\":{\"@id\":\"https:\/\/proid.cz\/en\/#\/schema\/logo\/image\/\"}}]}<\/script>\n<!-- \/ Yoast SEO plugin. -->","yoast_head_json":{"title":"Pomy\u015blnie zarejestrowano na webinarium &ndash; ProID","description":"N\u00e1stroje pro multifaktorovou autentizaci (MFA, 2FA), elektronick\u00fd podpis a pracovn\u00ed identitu v ucelen\u00e9 platform\u011b. V\u00fdstavba PKI a certifika\u010dn\u00edch autorit.","robots":{"index":"index","follow":"follow","max-snippet":"max-snippet:-1","max-image-preview":"max-image-preview:large","max-video-preview":"max-video-preview:-1"},"canonical":"https:\/\/proid.cz\/en\/pomyslnie-zarejestrowano-na-webinarium-pipedrive-pl\/","og_locale":"en_US","og_type":"article","og_title":"Pomy\u015blnie zarejestrowano na webinarium &ndash; ProID","og_description":"N\u00e1stroje pro multifaktorovou autentizaci (MFA, 2FA), elektronick\u00fd podpis a pracovn\u00ed identitu v ucelen\u00e9 platform\u011b. V\u00fdstavba PKI a certifika\u010dn\u00edch autorit.","og_url":"https:\/\/proid.cz\/en\/pomyslnie-zarejestrowano-na-webinarium-pipedrive-pl\/","og_site_name":"ProID","article_modified_time":"2025-07-31T10:26:57+00:00","og_image":[{"width":765,"height":595,"url":"https:\/\/proid.cz\/wp-content\/uploads\/2020\/06\/Header_722x560_05_banner-proid-home-4.jpg","type":"image\/jpeg"}],"twitter_card":"summary_large_image","twitter_misc":{"Est. reading time":"1 minute"},"schema":{"@context":"https:\/\/schema.org","@graph":[{"@type":"WebPage","@id":"https:\/\/proid.cz\/en\/pomyslnie-zarejestrowano-na-webinarium-pipedrive-pl\/","url":"https:\/\/proid.cz\/en\/pomyslnie-zarejestrowano-na-webinarium-pipedrive-pl\/","name":"Pomy\u015blnie zarejestrowano na webinarium &ndash; ProID","isPartOf":{"@id":"https:\/\/proid.cz\/en\/#website"},"datePublished":"2025-05-22T07:18:03+00:00","dateModified":"2025-07-31T10:26:57+00:00","description":"N\u00e1stroje pro multifaktorovou autentizaci (MFA, 2FA), elektronick\u00fd podpis a pracovn\u00ed identitu v ucelen\u00e9 platform\u011b. V\u00fdstavba PKI a certifika\u010dn\u00edch autorit.","breadcrumb":{"@id":"https:\/\/proid.cz\/en\/pomyslnie-zarejestrowano-na-webinarium-pipedrive-pl\/#breadcrumb"},"inLanguage":"en-US","potentialAction":[{"@type":"ReadAction","target":["https:\/\/proid.cz\/en\/pomyslnie-zarejestrowano-na-webinarium-pipedrive-pl\/"]}]},{"@type":"BreadcrumbList","@id":"https:\/\/proid.cz\/en\/pomyslnie-zarejestrowano-na-webinarium-pipedrive-pl\/#breadcrumb","itemListElement":[{"@type":"ListItem","position":1,"name":"Dom\u016f","item":"https:\/\/proid.cz\/en\/"},{"@type":"ListItem","position":2,"name":"Pomy\u015blnie zarejestrowano na webinarium"}]},{"@type":"WebSite","@id":"https:\/\/proid.cz\/en\/#website","url":"https:\/\/proid.cz\/en\/","name":"ProID","description":"Ultimate Digital Identity for Employees and Organisations","publisher":{"@id":"https:\/\/proid.cz\/en\/#organization"},"potentialAction":[{"@type":"SearchAction","target":{"@type":"EntryPoint","urlTemplate":"https:\/\/proid.cz\/en\/?s={search_term_string}"},"query-input":"required name=search_term_string"}],"inLanguage":"en-US"},{"@type":"Organization","@id":"https:\/\/proid.cz\/en\/#organization","name":"ProID by MONET+","url":"https:\/\/proid.cz\/en\/","logo":{"@type":"ImageObject","inLanguage":"en-US","@id":"https:\/\/proid.cz\/en\/#\/schema\/logo\/image\/","url":"https:\/\/proid.cz\/wp-content\/uploads\/2021\/06\/logo_proid_1200x1200_white-680.png","contentUrl":"https:\/\/proid.cz\/wp-content\/uploads\/2021\/06\/logo_proid_1200x1200_white-680.png","width":680,"height":680,"caption":"ProID by MONET+"},"image":{"@id":"https:\/\/proid.cz\/en\/#\/schema\/logo\/image\/"}}]}},"_links":{"self":[{"href":"https:\/\/proid.cz\/en\/wp-json\/wp\/v2\/pages\/60656"}],"collection":[{"href":"https:\/\/proid.cz\/en\/wp-json\/wp\/v2\/pages"}],"about":[{"href":"https:\/\/proid.cz\/en\/wp-json\/wp\/v2\/types\/page"}],"author":[{"embeddable":true,"href":"https:\/\/proid.cz\/en\/wp-json\/wp\/v2\/users\/1"}],"replies":[{"embeddable":true,"href":"https:\/\/proid.cz\/en\/wp-json\/wp\/v2\/comments?post=60656"}],"version-history":[{"count":11,"href":"https:\/\/proid.cz\/en\/wp-json\/wp\/v2\/pages\/60656\/revisions"}],"predecessor-version":[{"id":68102,"href":"https:\/\/proid.cz\/en\/wp-json\/wp\/v2\/pages\/60656\/revisions\/68102"}],"wp:attachment":[{"href":"https:\/\/proid.cz\/en\/wp-json\/wp\/v2\/media?parent=60656"}],"curies":[{"name":"wp","href":"https:\/\/api.w.org\/{rel}","templated":true}]}}