{"id":7234,"date":"2020-06-22T12:35:08","date_gmt":"2020-06-22T10:35:08","guid":{"rendered":"https:\/\/www.proid.cz\/kontakty\/"},"modified":"2026-04-20T12:39:27","modified_gmt":"2026-04-20T10:39:27","slug":"contact","status":"publish","type":"page","link":"https:\/\/proid.cz\/en\/contact\/","title":{"rendered":"Contacts"},"content":{"rendered":"<p>[vc_row type=&#8221;vc_default&#8221;][vc_column][vc_empty_space height=&#8221;60&#8243;][vc_row_inner][vc_column_inner width=&#8221;1\/2&#8243;][vc_empty_space height=&#8221;40&#8243;][vc_column_text]<\/p>\n<h4 style=\"color: #00b4a0;\">Contact us<\/h4>\n<p>[\/vc_column_text][vc_column_text]<\/p>\n<h1>Contacts for our team and individual offices<\/h1>\n<p>[\/vc_column_text][vc_column_text]<\/p>\n<h5>If you have any questions about our products and solutions or need advice on finding the most suitable solution, contact our team of professional consultants.<\/h5>\n<p>[\/vc_column_text][vc_empty_space height=&#8221;10&#8243;][vc_empty_space height=&#8221;20&#8243;][\/vc_column_inner][vc_column_inner width=&#8221;1\/2&#8243;][vc_single_image image=&#8221;16224&#8243; img_size=&#8221;full&#8221; alignment=&#8221;center&#8221; image_hovers=&#8221;false&#8221;][\/vc_column_inner][\/vc_row_inner][vc_empty_space height=&#8221;50&#8243;][\/vc_column][\/vc_row][vc_row][vc_column][vc_empty_space height=&#8221;50&#8243;][vc_column_text]<\/p>\n<h2 style=\"text-align: center;\">Our team<\/h2>\n<p>[\/vc_column_text][vc_row_inner equal_height=&#8221;yes&#8221;][vc_column_inner width=&#8221;1\/4&#8243;][vc_empty_space height=&#8221;30&#8243;][vc_single_image image=&#8221;17732&#8243; img_size=&#8221;full&#8221; alignment=&#8221;center&#8221;][vc_column_text]<\/p>\n<p style=\"text-align: center;\"><strong>Jiri Zmelik<\/strong><br \/>\n<span style=\"font-size: 16px;\"><a href=\"https:\/\/www.linkedin.com\/in\/jirizmelik\/\">Linkedin<\/a><br \/>\nSales Manager<br \/>\n<a href=\"mailto:jzmelik@monetplus.cz\"><i>jzmelik@monetplus.cz<\/i><\/a><\/span><\/p>\n<p>[\/vc_column_text][vc_empty_space height=&#8221;50&#8243;][\/vc_column_inner][vc_column_inner width=&#8221;1\/4&#8243;][vc_empty_space height=&#8221;30&#8243;][vc_single_image image=&#8221;30407&#8243; img_size=&#8221;full&#8221; alignment=&#8221;center&#8221;][vc_column_text]<\/p>\n<p style=\"text-align: center;\"><strong>Hana Sanitrn\u00edk Mina\u0159\u00edkov\u00e1<\/strong><br \/>\n<span style=\"font-size: 16px;\"><a href=\"https:\/\/www.linkedin.com\/in\/hanasanitrnikminarikova\/\">Linkedin<\/a><br \/>\n<span style=\"font-size: 16px;\">Marketing Manager<br \/>\n<a href=\"mailto:hminarikova@monetplus.cz\"><em>hminarikova@monetplus.cz<\/em><\/a><\/span><\/span><\/p>\n<p>[\/vc_column_text][vc_empty_space height=&#8221;50&#8243;][\/vc_column_inner][vc_column_inner width=&#8221;1\/4&#8243;][vc_empty_space height=&#8221;30&#8243;][vc_single_image image=&#8221;83387&#8243; img_size=&#8221;full&#8221; alignment=&#8221;center&#8221;][vc_column_text]<\/p>\n<p style=\"text-align: center;\"><strong>Blanka Hub\u00e1\u010dkov\u00e1<\/strong><br \/>\n<span style=\"font-size: 16px;\">Sales Manager<br \/>\n<\/span><a href=\"mailto:bhubackova@monetplus.cz\"><em>bhubackova@monetplus.cz<\/em><\/a><\/p>\n<p>[\/vc_column_text][vc_empty_space height=&#8221;50&#8243;][\/vc_column_inner][vc_column_inner width=&#8221;1\/4&#8243;][vc_empty_space height=&#8221;30&#8243;][vc_single_image image=&#8221;19327&#8243; img_size=&#8221;full&#8221; alignment=&#8221;center&#8221;][vc_column_text]<\/p>\n<p style=\"text-align: center;\"><strong>Ond\u0159ej Mare\u010dek<\/strong><br \/>\n<span style=\"font-size: 16px;\">Sales Manager<br \/>\n<\/span><a href=\"mailto:omarecek@monetplus.cz\"><em>omarecek@monetplus.cz<\/em><\/a><\/p>\n<p>[\/vc_column_text][vc_empty_space height=&#8221;50&#8243;][\/vc_column_inner][\/vc_row_inner][vc_row_inner equal_height=&#8221;yes&#8221;][vc_column_inner width=&#8221;1\/4&#8243;][vc_empty_space height=&#8221;30&#8243;][vc_single_image image=&#8221;19338&#8243; img_size=&#8221;full&#8221; alignment=&#8221;center&#8221;][vc_column_text]<\/p>\n<p style=\"text-align: center;\"><strong>Martin Raku\u0161an<\/strong><br \/>\n<span style=\"font-size: 16px;\"><a href=\"https:\/\/www.linkedin.com\/in\/martin-raku\u0161an\/\">Linkedin<\/a><br \/>\nSales Manager \/ Team Lead<br \/>\n<a href=\"mailto:mrakusan@monetplus.cz\"><i>mrakusan@monetplus.cz<\/i><\/a><\/span><\/p>\n<p>&nbsp;<\/p>\n<p>[\/vc_column_text][vc_empty_space height=&#8221;50&#8243;][\/vc_column_inner][vc_column_inner width=&#8221;1\/4&#8243;][vc_empty_space height=&#8221;30&#8243;][vc_single_image image=&#8221;19344&#8243; img_size=&#8221;full&#8221; alignment=&#8221;center&#8221;][vc_column_text]<\/p>\n<p style=\"text-align: center;\"><strong>Richard Reichert<\/strong><br \/>\n<span style=\"font-size: 16px;\">Sales Manager<br \/>\n<a href=\"mailto:rreichert@monetplus.cz\"><em>rreichert@monetplus.cz<\/em><\/a><\/span><\/p>\n<p>[\/vc_column_text][vc_empty_space height=&#8221;50&#8243;][\/vc_column_inner][vc_column_inner width=&#8221;1\/4&#8243;][vc_empty_space height=&#8221;30&#8243;][vc_single_image image=&#8221;19335&#8243; img_size=&#8221;full&#8221; alignment=&#8221;center&#8221;][vc_column_text]<\/p>\n<p style=\"text-align: center;\"><strong>Ivo Vr\u00e1na<\/strong><br \/>\n<span style=\"font-size: 16px;\"><a href=\"https:\/\/www.linkedin.com\/in\/ivovrana\/\">Linkedin<\/a><br \/>\n<span style=\"font-size: 16px;\">Marketing Manager<br \/>\n<a href=\"mailto:ivrana@monetplus.cz\"><em>ivrana@monetplus.cz<\/em><\/a><\/span><\/span><\/p>\n<p>[\/vc_column_text][vc_empty_space height=&#8221;50&#8243;][\/vc_column_inner][vc_column_inner width=&#8221;1\/4&#8243;][vc_empty_space height=&#8221;30&#8243;][vc_single_image image=&#8221;63556&#8243; img_size=&#8221;full&#8221; alignment=&#8221;center&#8221;][vc_column_text]<\/p>\n<p style=\"text-align: center;\"><strong>Tomasz Nogol<\/strong><br \/>\n<span style=\"font-size: 16px;\"><a href=\"https:\/\/www.linkedin.com\/in\/tomasz-nogol-2b1945195\/\">Linkedin<\/a><br \/>\n<span style=\"font-size: 16px;\">Sales Manager<br \/>\n<a href=\"mailto:tnogol@monetplus.cz\"><em>tnogol@monetplus.cz<\/em><\/a><\/span><\/span><\/p>\n<p>[\/vc_column_text][vc_empty_space height=&#8221;50&#8243;][\/vc_column_inner][\/vc_row_inner][\/vc_column][\/vc_row][vc_row][vc_column][vc_empty_space height=&#8221;50&#8243;][vc_column_text]<\/p>\n<h2 style=\"text-align: center;\">Interested in our solutions?<\/h2>\n<h2 style=\"text-align: center;\">Fill in the contact form<\/h2>\n<p>[\/vc_column_text][vc_row_inner equal_height=&#8221;yes&#8221;][vc_column_inner width=&#8221;1\/6&#8243;][\/vc_column_inner][vc_column_inner width=&#8221;2\/3&#8243;][vc_empty_space height=&#8221;30&#8243;][vc_column_text css=&#8221;.vc_custom_1684740022714{padding-top: 30px !important;padding-right: 30px !important;padding-bottom: 30px !important;padding-left: 30px !important;background-color: #f5f5f5 !important;border-radius: 30px !important;}&#8221;]<\/p>\n<p style=\"text-align: center;\">\n<div class=\"wpcf7 no-js\" id=\"wpcf7-f6425-o1\" lang=\"en-US\" dir=\"ltr\">\n<div class=\"screen-reader-response\"><p role=\"status\" aria-live=\"polite\" aria-atomic=\"true\"><\/p> <ul><\/ul><\/div>\n<form action=\"\/en\/wp-json\/wp\/v2\/pages\/7234#wpcf7-f6425-o1\" method=\"post\" class=\"wpcf7-form init\" aria-label=\"Contact form\" novalidate=\"novalidate\" data-status=\"init\">\n<div style=\"display: none;\">\n<input type=\"hidden\" name=\"_wpcf7\" value=\"6425\" \/>\n<input type=\"hidden\" name=\"_wpcf7_version\" value=\"5.7.6\" \/>\n<input type=\"hidden\" name=\"_wpcf7_locale\" value=\"en_US\" \/>\n<input type=\"hidden\" name=\"_wpcf7_unit_tag\" value=\"wpcf7-f6425-o1\" \/>\n<input type=\"hidden\" name=\"_wpcf7_container_post\" value=\"0\" \/>\n<input type=\"hidden\" name=\"_wpcf7_posted_data_hash\" value=\"\" \/>\n<input type=\"hidden\" name=\"_wpcf7_recaptcha_response\" value=\"\" \/>\n<\/div>\n<div class=\"one-half\">\n\t<p><label> Your name*<br \/>\n<span class=\"wpcf7-form-control-wrap\" data-name=\"your-name\"><input size=\"40\" class=\"wpcf7-form-control wpcf7-text wpcf7-validates-as-required\" aria-required=\"true\" aria-invalid=\"false\" value=\"\" type=\"text\" name=\"your-name\" \/><\/span> <\/label>\n\t<\/p>\n<\/div>\n<div class=\"one-half last\">\n\t<p><label> Your email*<br \/>\n<span class=\"wpcf7-form-control-wrap\" data-name=\"your-email\"><input size=\"40\" class=\"wpcf7-form-control wpcf7-text wpcf7-email wpcf7-validates-as-required wpcf7-validates-as-email\" aria-required=\"true\" aria-invalid=\"false\" value=\"\" type=\"email\" name=\"your-email\" \/><\/span> <\/label>\n\t<\/p>\n<\/div>\n<div class=\"one-half\">\n\t<p><label> Your phone*<br \/>\n<span class=\"wpcf7-form-control-wrap\" data-name=\"tel-946\"><input size=\"40\" class=\"wpcf7-form-control wpcf7-text wpcf7-tel wpcf7-validates-as-required wpcf7-validates-as-tel\" aria-required=\"true\" aria-invalid=\"false\" value=\"\" type=\"tel\" name=\"tel-946\" \/><\/span><\/label>\n\t<\/p>\n<\/div>\n<div class=\"one-half last\">\n\t<p><label> Company*<br \/>\n<span class=\"wpcf7-form-control-wrap\" data-name=\"your-subject\"><input size=\"40\" class=\"wpcf7-form-control wpcf7-text wpcf7-validates-as-required\" aria-required=\"true\" aria-invalid=\"false\" value=\"\" type=\"text\" name=\"your-subject\" \/><\/span> <\/label>\n\t<\/p>\n<\/div>\n<p>By filling in the form you agree to the <a href=\"https:\/\/www.monetplus.cz\/zasady-zpracovani-osobnich-udaju\" target=\"_blank\">processing of your personal data<\/a>.\n<\/p>\n<p><input class=\"wpcf7-form-control has-spinner wpcf7-submit\" type=\"submit\" value=\"Submit\" \/>\n<\/p><input type='hidden' class='wpcf7-pum' value='{\"closepopup\":false,\"closedelay\":0,\"openpopup\":false,\"openpopup_id\":0}' \/><div class=\"wpcf7-response-output\" aria-hidden=\"true\"><\/div>\n<\/form>\n<\/div>\n<p>[\/vc_column_text][vc_empty_space height=&#8221;30&#8243;][\/vc_column_inner][vc_column_inner width=&#8221;1\/6&#8243;][\/vc_column_inner][\/vc_row_inner][\/vc_column][\/vc_row][vc_row anchor=&#8221;kontakt&#8221;][vc_column][vc_empty_space height=&#8221;50&#8243;][\/vc_column][\/vc_row][vc_row][vc_column][vc_column_text]<\/p>\n<h2 style=\"text-align: center;\">Contacts to our offices<\/h2>\n<p>[\/vc_column_text][vc_empty_space height=&#8221;50&#8243;][vc_tta_tabs style=&#8221;modern&#8221; shape=&#8221;square&#8221; color=&#8221;white&#8221; active_section=&#8221;1&#8243; pagination_style=&#8221;outline-round&#8221;][vc_tta_section i_icon_fontawesome=&#8221;fa fa-chevron-down&#8221; add_icon=&#8221;true&#8221; title=&#8221;Zl\u00edn \u2013 company headquarters&#8221; tab_id=&#8221;1594710073268-56202e3e-5093&#8243;][vc_empty_space height=&#8221;50&#8243;][vc_row_inner][vc_column_inner width=&#8221;1\/4&#8243;][vc_column_text]<strong>MONET+<\/strong><br \/>\n<strong>Zl\u00edn \u2013 company headquarters<\/strong><br \/>\nZa Dvorem 505<br \/>\n763&nbsp;14 Zl\u00edn-\u0160t\u00edpa<br \/>\nEmail: info@proid.tech<br \/>\nPhone.: +420&nbsp;577&nbsp;110&nbsp;411<br \/>\nMonday to Friday 8:00 \u2013 17:00[\/vc_column_text][\/vc_column_inner][vc_column_inner width=&#8221;3\/4&#8243;][vc_single_image image=&#8221;1464&#8243; img_size=&#8221;large&#8221;][vc_column_text]The MONET+,a.s. organization is registered in the Commercial Register of the Regional Court in Brno, Section B, Insert 3351.<\/p>\n<p><a class=\"ext\" href=\"https:\/\/or.justice.cz\/ias\/ui\/rejstrik-firma.vysledky?subjektId=596760&amp;typ=UPLNY\" target=\"_blank\" rel=\"noopener noreferrer\"><strong>Extract from the Commercial Register<\/strong><\/a><br \/>\n<a class=\"ext\" href=\"https:\/\/www.rzp.cz\/cgi-bin\/aps_cacheWEB.sh?VSS_SERV=ZVWSBJFND&amp;Action=Search&amp;PRESVYBER=0&amp;PODLE=subjekt&amp;ICO=&amp;OBCHJM=MONET%2B%2Ca.s.&amp;ROLES=P&amp;OKRES=&amp;OBEC=&amp;CASTOBCE=&amp;ULICE=&amp;COR=&amp;COZ=&amp;CDOM=&amp;JMENO=&amp;PRIJMENI=&amp;NAROZENI=&amp;ROLE=&amp;VYPIS=1\"><strong>Extract from the Trade Register<\/strong><\/a><\/p>\n<p><a href=\"mailto:recepce@monetplus.cz\">GDPR contact (deletion, records, objections to personal data)<\/a>[\/vc_column_text][\/vc_column_inner][\/vc_row_inner][\/vc_tta_section][vc_tta_section i_icon_fontawesome=&#8221;fa fa-chevron-down&#8221; add_icon=&#8221;true&#8221; title=&#8221;Prague Office&#8221; tab_id=&#8221;1594710073282-d329430d-9b08&#8243;][vc_empty_space height=&#8221;50&#8243;][vc_row_inner][vc_column_inner width=&#8221;1\/4&#8243;][vc_column_text]<strong>MONET+<\/strong><br \/>\n<strong>Prague Office<\/strong><\/p>\n<div class=\"elementor-element elementor-element-ab049d7 elementor-widget__width-initial elementor-widget elementor-widget-text-editor\" data-id=\"ab049d7\" data-element_type=\"widget\" data-e-type=\"widget\" data-widget_type=\"text-editor.default\">\n<div class=\"elementor-widget-container\">\n<p>V\u00e1clavsk\u00e9 n\u00e1m. 2132\/47<br \/>\n110\u00a000 Praha 1<\/p>\n<\/div>\n<\/div>\n<div class=\"elementor-element elementor-element-716b2da elementor-widget elementor-widget-litho-button\" data-id=\"716b2da\" data-element_type=\"widget\" data-e-type=\"widget\" data-widget_type=\"litho-button.default\">\n<div class=\"elementor-widget-container\">\n<div class=\"elementor-button-wrapper litho-button-wrapper\"><a class=\"elementor-button-link elementor-button elementor-size-xs \" role=\"button\" href=\"https:\/\/maps.app.goo.gl\/wACskJL7TSW9NHga7\" target=\"_blank\" rel=\"noopener\"><span class=\"elementor-button-content-wrapper\"><span class=\"elementor-button-text\">Map &gt;&gt;<\/span><\/span><\/a><\/div>\n<\/div>\n<\/div>\n<p>Monday to Friday 8:00 \u2013 17:00[\/vc_column_text][\/vc_column_inner][vc_column_inner width=&#8221;3\/4&#8243;][vc_single_image image=&#8221;1463&#8243; img_size=&#8221;large&#8221;][\/vc_column_inner][\/vc_row_inner][\/vc_tta_section][vc_tta_section i_icon_fontawesome=&#8221;fa fa-chevron-down&#8221; add_icon=&#8221;true&#8221; title=&#8221;Brno Office&#8221; tab_id=&#8221;1594712574265-a8f673cc-9b83&#8243;][vc_empty_space height=&#8221;50&#8243;][vc_row_inner][vc_column_inner width=&#8221;1\/4&#8243;][vc_column_text]<strong>MONET+<\/strong><br \/>\nBrno Office<br \/>\nBotanick\u00e1 554\/68a<br \/>\n602&nbsp;00 Brno<br \/>\ninfo@ahead-itec.com<br \/>\nMonday to Friday 8:00 \u2013 17:00[\/vc_column_text][\/vc_column_inner][vc_column_inner width=&#8221;3\/4&#8243;][vc_single_image image=&#8221;3480&#8243; img_size=&#8221;full&#8221; alignment=&#8221;center&#8221;][\/vc_column_inner][\/vc_row_inner][\/vc_tta_section][vc_tta_section i_icon_fontawesome=&#8221;fa fa-chevron-down&#8221; add_icon=&#8221;true&#8221; title=&#8221;Olomouc Office&#8221; tab_id=&#8221;1594711435835-da78e2e2-7fd5&#8243;][vc_empty_space height=&#8221;50&#8243;][vc_row_inner][vc_column_inner width=&#8221;1\/4&#8243;][vc_column_text]<strong>MONET+<\/strong><br \/>\n<strong>Olomouc Office<\/strong><br \/>\nJeremenkova 42B<br \/>\n779&nbsp;00 Olomouc<br \/>\ninfo@proid.cz<br \/>\n+420&nbsp;577&nbsp;110&nbsp;411<br \/>\nMonday to Friday 8:00 \u2013 17:00[\/vc_column_text][\/vc_column_inner][vc_column_inner width=&#8221;3\/4&#8243;][vc_single_image image=&#8221;1465&#8243; img_size=&#8221;large&#8221;][\/vc_column_inner][\/vc_row_inner][\/vc_tta_section][vc_tta_section i_icon_fontawesome=&#8221;fa fa-chevron-down&#8221; add_icon=&#8221;true&#8221; title=&#8221;Ostrava Office&#8221; tab_id=&#8221;1594712012700-1dfedb29-04ee&#8221;][vc_empty_space height=&#8221;50&#8243;][vc_row_inner][vc_column_inner width=&#8221;1\/4&#8243;][vc_column_text]<strong>MONET+<\/strong><br \/>\n<strong>Ostrava Office<\/strong><br \/>\nSmart innovation center \u2013 SKELET<br \/>\n28.&nbsp;\u0159\u00edjna 3388<br \/>\n702&nbsp;00 Moravsk\u00e1 Ostrava a&nbsp;P\u0159\u00edvoz<br \/>\ninfo@proid.cz<br \/>\n+420&nbsp;577&nbsp;110&nbsp;411<br \/>\nMonday to Friday 8:00 \u2013 16:30[\/vc_column_text][\/vc_column_inner][vc_column_inner width=&#8221;3\/4&#8243;][vc_single_image image=&#8221;1451&#8243; img_size=&#8221;large&#8221;][\/vc_column_inner][\/vc_row_inner][\/vc_tta_section][\/vc_tta_tabs][\/vc_column][\/vc_row]<\/p>\n","protected":false},"excerpt":{"rendered":"<p>[vc_row type=&#8221;vc_default&#8221;][vc_column][vc_empty_space height=&#8221;60&#8243;][vc_row_inner][vc_column_inner width=&#8221;1\/2&#8243;][vc_empty_space height=&#8221;40&#8243;][vc_column_text] Contact us [\/vc_column_text][vc_column_text] Contacts for our team and individual offices [\/vc_column_text][vc_column_text] If you have any questions about our products and solutions or need advice on finding the most suitable solution, contact our team of professional consultants. [\/vc_column_text][vc_empty_space height=&#8221;10&#8243;][vc_empty_space height=&#8221;20&#8243;][\/vc_column_inner][vc_column_inner width=&#8221;1\/2&#8243;][vc_single_image image=&#8221;16224&#8243; img_size=&#8221;full&#8221; alignment=&#8221;center&#8221; image_hovers=&#8221;false&#8221;][\/vc_column_inner][\/vc_row_inner][vc_empty_space height=&#8221;50&#8243;][\/vc_column][\/vc_row][vc_row][vc_column][vc_empty_space height=&#8221;50&#8243;][vc_column_text] Our team [\/vc_column_text][vc_row_inner equal_height=&#8221;yes&#8221;][vc_column_inner&hellip;<\/p>\n","protected":false},"author":1,"featured_media":7236,"parent":0,"menu_order":0,"comment_status":"closed","ping_status":"closed","template":"","meta":{"episode_type":"","audio_file":"","cover_image":"","cover_image_id":"","duration":"","filesize":"","date_recorded":"","explicit":"","block":"","itunes_episode_number":"","itunes_title":"","itunes_season_number":"","itunes_episode_type":"","filesize_raw":""},"yoast_head":"<!-- This site is optimized with the Yoast SEO plugin v20.6 - https:\/\/yoast.com\/wordpress\/plugins\/seo\/ -->\n<title>Contacts &ndash; ProID<\/title>\n<meta name=\"description\" content=\"If you have any questions about our products and solutions or need advice on finding the most suitable solution, contact our team of professional consultants.\" \/>\n<meta name=\"robots\" content=\"index, follow, max-snippet:-1, max-image-preview:large, max-video-preview:-1\" \/>\n<link rel=\"canonical\" href=\"https:\/\/proid.cz\/en\/contact\/\" \/>\n<meta property=\"og:locale\" content=\"en_US\" \/>\n<meta property=\"og:type\" content=\"article\" \/>\n<meta property=\"og:title\" content=\"Contacts &ndash; ProID\" \/>\n<meta property=\"og:description\" content=\"If you have any questions about our products and solutions or need advice on finding the most suitable solution, contact our team of professional consultants.\" \/>\n<meta property=\"og:url\" content=\"https:\/\/proid.cz\/en\/contact\/\" \/>\n<meta property=\"og:site_name\" content=\"ProID\" \/>\n<meta property=\"article:modified_time\" content=\"2026-04-20T10:39:27+00:00\" \/>\n<meta property=\"og:image\" content=\"https:\/\/proid.cz\/wp-content\/uploads\/2020\/07\/kontakty-ostrava.jpg\" \/>\n\t<meta property=\"og:image:width\" content=\"2000\" \/>\n\t<meta property=\"og:image:height\" content=\"1108\" \/>\n\t<meta property=\"og:image:type\" content=\"image\/jpeg\" \/>\n<meta name=\"twitter:card\" content=\"summary_large_image\" \/>\n<meta name=\"twitter:label1\" content=\"Est. reading time\" \/>\n\t<meta name=\"twitter:data1\" content=\"2 minutes\" \/>\n<script type=\"application\/ld+json\" class=\"yoast-schema-graph\">{\"@context\":\"https:\/\/schema.org\",\"@graph\":[{\"@type\":\"WebPage\",\"@id\":\"https:\/\/proid.cz\/en\/contact\/\",\"url\":\"https:\/\/proid.cz\/en\/contact\/\",\"name\":\"Contacts &ndash; ProID\",\"isPartOf\":{\"@id\":\"https:\/\/proid.cz\/en\/#website\"},\"datePublished\":\"2020-06-22T10:35:08+00:00\",\"dateModified\":\"2026-04-20T10:39:27+00:00\",\"description\":\"If you have any questions about our products and solutions or need advice on finding the most suitable solution, contact our team of professional consultants.\",\"breadcrumb\":{\"@id\":\"https:\/\/proid.cz\/en\/contact\/#breadcrumb\"},\"inLanguage\":\"en-US\",\"potentialAction\":[{\"@type\":\"ReadAction\",\"target\":[\"https:\/\/proid.cz\/en\/contact\/\"]}]},{\"@type\":\"BreadcrumbList\",\"@id\":\"https:\/\/proid.cz\/en\/contact\/#breadcrumb\",\"itemListElement\":[{\"@type\":\"ListItem\",\"position\":1,\"name\":\"Dom\u016f\",\"item\":\"https:\/\/proid.cz\/en\/\"},{\"@type\":\"ListItem\",\"position\":2,\"name\":\"Contacts\"}]},{\"@type\":\"WebSite\",\"@id\":\"https:\/\/proid.cz\/en\/#website\",\"url\":\"https:\/\/proid.cz\/en\/\",\"name\":\"ProID\",\"description\":\"Ultimate Digital Identity for Employees and Organisations\",\"publisher\":{\"@id\":\"https:\/\/proid.cz\/en\/#organization\"},\"potentialAction\":[{\"@type\":\"SearchAction\",\"target\":{\"@type\":\"EntryPoint\",\"urlTemplate\":\"https:\/\/proid.cz\/en\/?s={search_term_string}\"},\"query-input\":\"required name=search_term_string\"}],\"inLanguage\":\"en-US\"},{\"@type\":\"Organization\",\"@id\":\"https:\/\/proid.cz\/en\/#organization\",\"name\":\"ProID by MONET+\",\"url\":\"https:\/\/proid.cz\/en\/\",\"logo\":{\"@type\":\"ImageObject\",\"inLanguage\":\"en-US\",\"@id\":\"https:\/\/proid.cz\/en\/#\/schema\/logo\/image\/\",\"url\":\"https:\/\/proid.cz\/wp-content\/uploads\/2021\/06\/logo_proid_1200x1200_white-680.png\",\"contentUrl\":\"https:\/\/proid.cz\/wp-content\/uploads\/2021\/06\/logo_proid_1200x1200_white-680.png\",\"width\":680,\"height\":680,\"caption\":\"ProID by MONET+\"},\"image\":{\"@id\":\"https:\/\/proid.cz\/en\/#\/schema\/logo\/image\/\"}}]}<\/script>\n<!-- \/ Yoast SEO plugin. -->","yoast_head_json":{"title":"Contacts &ndash; ProID","description":"If you have any questions about our products and solutions or need advice on finding the most suitable solution, contact our team of professional consultants.","robots":{"index":"index","follow":"follow","max-snippet":"max-snippet:-1","max-image-preview":"max-image-preview:large","max-video-preview":"max-video-preview:-1"},"canonical":"https:\/\/proid.cz\/en\/contact\/","og_locale":"en_US","og_type":"article","og_title":"Contacts &ndash; ProID","og_description":"If you have any questions about our products and solutions or need advice on finding the most suitable solution, contact our team of professional consultants.","og_url":"https:\/\/proid.cz\/en\/contact\/","og_site_name":"ProID","article_modified_time":"2026-04-20T10:39:27+00:00","og_image":[{"width":2000,"height":1108,"url":"https:\/\/proid.cz\/wp-content\/uploads\/2020\/07\/kontakty-ostrava.jpg","type":"image\/jpeg"}],"twitter_card":"summary_large_image","twitter_misc":{"Est. reading time":"2 minutes"},"schema":{"@context":"https:\/\/schema.org","@graph":[{"@type":"WebPage","@id":"https:\/\/proid.cz\/en\/contact\/","url":"https:\/\/proid.cz\/en\/contact\/","name":"Contacts &ndash; ProID","isPartOf":{"@id":"https:\/\/proid.cz\/en\/#website"},"datePublished":"2020-06-22T10:35:08+00:00","dateModified":"2026-04-20T10:39:27+00:00","description":"If you have any questions about our products and solutions or need advice on finding the most suitable solution, contact our team of professional consultants.","breadcrumb":{"@id":"https:\/\/proid.cz\/en\/contact\/#breadcrumb"},"inLanguage":"en-US","potentialAction":[{"@type":"ReadAction","target":["https:\/\/proid.cz\/en\/contact\/"]}]},{"@type":"BreadcrumbList","@id":"https:\/\/proid.cz\/en\/contact\/#breadcrumb","itemListElement":[{"@type":"ListItem","position":1,"name":"Dom\u016f","item":"https:\/\/proid.cz\/en\/"},{"@type":"ListItem","position":2,"name":"Contacts"}]},{"@type":"WebSite","@id":"https:\/\/proid.cz\/en\/#website","url":"https:\/\/proid.cz\/en\/","name":"ProID","description":"Ultimate Digital Identity for Employees and Organisations","publisher":{"@id":"https:\/\/proid.cz\/en\/#organization"},"potentialAction":[{"@type":"SearchAction","target":{"@type":"EntryPoint","urlTemplate":"https:\/\/proid.cz\/en\/?s={search_term_string}"},"query-input":"required name=search_term_string"}],"inLanguage":"en-US"},{"@type":"Organization","@id":"https:\/\/proid.cz\/en\/#organization","name":"ProID by MONET+","url":"https:\/\/proid.cz\/en\/","logo":{"@type":"ImageObject","inLanguage":"en-US","@id":"https:\/\/proid.cz\/en\/#\/schema\/logo\/image\/","url":"https:\/\/proid.cz\/wp-content\/uploads\/2021\/06\/logo_proid_1200x1200_white-680.png","contentUrl":"https:\/\/proid.cz\/wp-content\/uploads\/2021\/06\/logo_proid_1200x1200_white-680.png","width":680,"height":680,"caption":"ProID by MONET+"},"image":{"@id":"https:\/\/proid.cz\/en\/#\/schema\/logo\/image\/"}}]}},"_links":{"self":[{"href":"https:\/\/proid.cz\/en\/wp-json\/wp\/v2\/pages\/7234"}],"collection":[{"href":"https:\/\/proid.cz\/en\/wp-json\/wp\/v2\/pages"}],"about":[{"href":"https:\/\/proid.cz\/en\/wp-json\/wp\/v2\/types\/page"}],"author":[{"embeddable":true,"href":"https:\/\/proid.cz\/en\/wp-json\/wp\/v2\/users\/1"}],"replies":[{"embeddable":true,"href":"https:\/\/proid.cz\/en\/wp-json\/wp\/v2\/comments?post=7234"}],"version-history":[{"count":13,"href":"https:\/\/proid.cz\/en\/wp-json\/wp\/v2\/pages\/7234\/revisions"}],"predecessor-version":[{"id":87102,"href":"https:\/\/proid.cz\/en\/wp-json\/wp\/v2\/pages\/7234\/revisions\/87102"}],"wp:featuredmedia":[{"embeddable":true,"href":"https:\/\/proid.cz\/en\/wp-json\/wp\/v2\/media\/7236"}],"wp:attachment":[{"href":"https:\/\/proid.cz\/en\/wp-json\/wp\/v2\/media?parent=7234"}],"curies":[{"name":"wp","href":"https:\/\/api.w.org\/{rel}","templated":true}]}}