{"id":86120,"date":"2026-04-01T09:14:45","date_gmt":"2026-04-01T07:14:45","guid":{"rendered":"https:\/\/proid.cz\/?page_id=86120"},"modified":"2026-04-01T09:17:14","modified_gmt":"2026-04-01T07:17:14","slug":"download-e-book-kybernetische-sicherheit-fur-krankenhauser","status":"publish","type":"page","link":"https:\/\/proid.cz\/en\/download-e-book-kybernetische-sicherheit-fur-krankenhauser\/","title":{"rendered":"DOWNLOAD E-book &#8220;Kybernetische Sicherheit fu\u0308r Krankenh\u00e4user&#8221;"},"content":{"rendered":"<p>[vc_row][vc_column][vc_column_text]<\/p>\n<h3 style=\"text-align: center;\">Sie k\u00f6nnen unser E-Book unter diesem Link herunterladen:<\/h3>\n<p style=\"text-align: center;\"><strong><a href=\"https:\/\/proid.cz\/download\/85898\/?tmstv=1774960544\">Download PDF<\/a>\u00a0<\/strong><\/p>\n<p>[\/vc_column_text][vc_empty_space height=&#8221;232px&#8221;][\/vc_column][\/vc_row]<\/p>\n","protected":false},"excerpt":{"rendered":"<p>[vc_row][vc_column][vc_column_text] Sie k\u00f6nnen unser E-Book unter diesem Link herunterladen: Download PDF\u00a0 [\/vc_column_text][vc_empty_space height=&#8221;232px&#8221;][\/vc_column][\/vc_row]<\/p>\n","protected":false},"author":1,"featured_media":0,"parent":0,"menu_order":0,"comment_status":"closed","ping_status":"closed","template":"","meta":{"episode_type":"","audio_file":"","cover_image":"","cover_image_id":"","duration":"","filesize":"","date_recorded":"","explicit":"","block":"","itunes_episode_number":"","itunes_title":"","itunes_season_number":"","itunes_episode_type":"","filesize_raw":""},"yoast_head":"<!-- This site is optimized with the Yoast SEO plugin v20.6 - https:\/\/yoast.com\/wordpress\/plugins\/seo\/ -->\n<title>DOWNLOAD E-book &quot;Kybernetische Sicherheit fu\u0308r Krankenh\u00e4user&quot; &ndash; ProID<\/title>\n<meta name=\"description\" content=\"N\u00e1stroje pro multifaktorovou autentizaci (MFA, 2FA), elektronick\u00fd podpis a pracovn\u00ed identitu v ucelen\u00e9 platform\u011b. V\u00fdstavba PKI a certifika\u010dn\u00edch autorit.\" \/>\n<meta name=\"robots\" content=\"index, follow, max-snippet:-1, max-image-preview:large, max-video-preview:-1\" \/>\n<link rel=\"canonical\" href=\"https:\/\/proid.cz\/en\/download-e-book-kybernetische-sicherheit-fur-krankenhauser\/\" \/>\n<meta property=\"og:locale\" content=\"en_US\" \/>\n<meta property=\"og:type\" content=\"article\" \/>\n<meta property=\"og:title\" content=\"DOWNLOAD E-book &quot;Kybernetische Sicherheit fu\u0308r Krankenh\u00e4user&quot; &ndash; ProID\" \/>\n<meta property=\"og:description\" content=\"N\u00e1stroje pro multifaktorovou autentizaci (MFA, 2FA), elektronick\u00fd podpis a pracovn\u00ed identitu v ucelen\u00e9 platform\u011b. V\u00fdstavba PKI a certifika\u010dn\u00edch autorit.\" \/>\n<meta property=\"og:url\" content=\"https:\/\/proid.cz\/en\/download-e-book-kybernetische-sicherheit-fur-krankenhauser\/\" \/>\n<meta property=\"og:site_name\" content=\"ProID\" \/>\n<meta property=\"article:modified_time\" content=\"2026-04-01T07:17:14+00:00\" \/>\n<meta property=\"og:image\" content=\"https:\/\/proid.cz\/wp-content\/uploads\/2020\/06\/Header_722x560_05_banner-proid-home-4.jpg\" \/>\n\t<meta property=\"og:image:width\" content=\"765\" \/>\n\t<meta property=\"og:image:height\" content=\"595\" \/>\n\t<meta property=\"og:image:type\" content=\"image\/jpeg\" \/>\n<meta name=\"twitter:card\" content=\"summary_large_image\" \/>\n<meta name=\"twitter:label1\" content=\"Est. reading time\" \/>\n\t<meta name=\"twitter:data1\" content=\"1 minute\" \/>\n<script type=\"application\/ld+json\" class=\"yoast-schema-graph\">{\"@context\":\"https:\/\/schema.org\",\"@graph\":[{\"@type\":\"WebPage\",\"@id\":\"https:\/\/proid.cz\/en\/download-e-book-kybernetische-sicherheit-fur-krankenhauser\/\",\"url\":\"https:\/\/proid.cz\/en\/download-e-book-kybernetische-sicherheit-fur-krankenhauser\/\",\"name\":\"DOWNLOAD E-book \\\"Kybernetische Sicherheit fu\u0308r Krankenh\u00e4user\\\" &ndash; ProID\",\"isPartOf\":{\"@id\":\"https:\/\/proid.cz\/en\/#website\"},\"datePublished\":\"2026-04-01T07:14:45+00:00\",\"dateModified\":\"2026-04-01T07:17:14+00:00\",\"description\":\"N\u00e1stroje pro multifaktorovou autentizaci (MFA, 2FA), elektronick\u00fd podpis a pracovn\u00ed identitu v ucelen\u00e9 platform\u011b. V\u00fdstavba PKI a certifika\u010dn\u00edch autorit.\",\"breadcrumb\":{\"@id\":\"https:\/\/proid.cz\/en\/download-e-book-kybernetische-sicherheit-fur-krankenhauser\/#breadcrumb\"},\"inLanguage\":\"en-US\",\"potentialAction\":[{\"@type\":\"ReadAction\",\"target\":[\"https:\/\/proid.cz\/en\/download-e-book-kybernetische-sicherheit-fur-krankenhauser\/\"]}]},{\"@type\":\"BreadcrumbList\",\"@id\":\"https:\/\/proid.cz\/en\/download-e-book-kybernetische-sicherheit-fur-krankenhauser\/#breadcrumb\",\"itemListElement\":[{\"@type\":\"ListItem\",\"position\":1,\"name\":\"Dom\u016f\",\"item\":\"https:\/\/proid.cz\/en\/\"},{\"@type\":\"ListItem\",\"position\":2,\"name\":\"DOWNLOAD E-book &#8220;Kybernetische Sicherheit fu\u0308r Krankenh\u00e4user&#8221;\"}]},{\"@type\":\"WebSite\",\"@id\":\"https:\/\/proid.cz\/en\/#website\",\"url\":\"https:\/\/proid.cz\/en\/\",\"name\":\"ProID\",\"description\":\"Ultimate Digital Identity for Employees and Organisations\",\"publisher\":{\"@id\":\"https:\/\/proid.cz\/en\/#organization\"},\"potentialAction\":[{\"@type\":\"SearchAction\",\"target\":{\"@type\":\"EntryPoint\",\"urlTemplate\":\"https:\/\/proid.cz\/en\/?s={search_term_string}\"},\"query-input\":\"required name=search_term_string\"}],\"inLanguage\":\"en-US\"},{\"@type\":\"Organization\",\"@id\":\"https:\/\/proid.cz\/en\/#organization\",\"name\":\"ProID by MONET+\",\"url\":\"https:\/\/proid.cz\/en\/\",\"logo\":{\"@type\":\"ImageObject\",\"inLanguage\":\"en-US\",\"@id\":\"https:\/\/proid.cz\/en\/#\/schema\/logo\/image\/\",\"url\":\"https:\/\/proid.cz\/wp-content\/uploads\/2021\/06\/logo_proid_1200x1200_white-680.png\",\"contentUrl\":\"https:\/\/proid.cz\/wp-content\/uploads\/2021\/06\/logo_proid_1200x1200_white-680.png\",\"width\":680,\"height\":680,\"caption\":\"ProID by MONET+\"},\"image\":{\"@id\":\"https:\/\/proid.cz\/en\/#\/schema\/logo\/image\/\"}}]}<\/script>\n<!-- \/ Yoast SEO plugin. -->","yoast_head_json":{"title":"DOWNLOAD E-book \"Kybernetische Sicherheit fu\u0308r Krankenh\u00e4user\" &ndash; ProID","description":"N\u00e1stroje pro multifaktorovou autentizaci (MFA, 2FA), elektronick\u00fd podpis a pracovn\u00ed identitu v ucelen\u00e9 platform\u011b. V\u00fdstavba PKI a certifika\u010dn\u00edch autorit.","robots":{"index":"index","follow":"follow","max-snippet":"max-snippet:-1","max-image-preview":"max-image-preview:large","max-video-preview":"max-video-preview:-1"},"canonical":"https:\/\/proid.cz\/en\/download-e-book-kybernetische-sicherheit-fur-krankenhauser\/","og_locale":"en_US","og_type":"article","og_title":"DOWNLOAD E-book \"Kybernetische Sicherheit fu\u0308r Krankenh\u00e4user\" &ndash; ProID","og_description":"N\u00e1stroje pro multifaktorovou autentizaci (MFA, 2FA), elektronick\u00fd podpis a pracovn\u00ed identitu v ucelen\u00e9 platform\u011b. V\u00fdstavba PKI a certifika\u010dn\u00edch autorit.","og_url":"https:\/\/proid.cz\/en\/download-e-book-kybernetische-sicherheit-fur-krankenhauser\/","og_site_name":"ProID","article_modified_time":"2026-04-01T07:17:14+00:00","og_image":[{"width":765,"height":595,"url":"https:\/\/proid.cz\/wp-content\/uploads\/2020\/06\/Header_722x560_05_banner-proid-home-4.jpg","type":"image\/jpeg"}],"twitter_card":"summary_large_image","twitter_misc":{"Est. reading time":"1 minute"},"schema":{"@context":"https:\/\/schema.org","@graph":[{"@type":"WebPage","@id":"https:\/\/proid.cz\/en\/download-e-book-kybernetische-sicherheit-fur-krankenhauser\/","url":"https:\/\/proid.cz\/en\/download-e-book-kybernetische-sicherheit-fur-krankenhauser\/","name":"DOWNLOAD E-book \"Kybernetische Sicherheit fu\u0308r Krankenh\u00e4user\" &ndash; ProID","isPartOf":{"@id":"https:\/\/proid.cz\/en\/#website"},"datePublished":"2026-04-01T07:14:45+00:00","dateModified":"2026-04-01T07:17:14+00:00","description":"N\u00e1stroje pro multifaktorovou autentizaci (MFA, 2FA), elektronick\u00fd podpis a pracovn\u00ed identitu v ucelen\u00e9 platform\u011b. V\u00fdstavba PKI a certifika\u010dn\u00edch autorit.","breadcrumb":{"@id":"https:\/\/proid.cz\/en\/download-e-book-kybernetische-sicherheit-fur-krankenhauser\/#breadcrumb"},"inLanguage":"en-US","potentialAction":[{"@type":"ReadAction","target":["https:\/\/proid.cz\/en\/download-e-book-kybernetische-sicherheit-fur-krankenhauser\/"]}]},{"@type":"BreadcrumbList","@id":"https:\/\/proid.cz\/en\/download-e-book-kybernetische-sicherheit-fur-krankenhauser\/#breadcrumb","itemListElement":[{"@type":"ListItem","position":1,"name":"Dom\u016f","item":"https:\/\/proid.cz\/en\/"},{"@type":"ListItem","position":2,"name":"DOWNLOAD E-book &#8220;Kybernetische Sicherheit fu\u0308r Krankenh\u00e4user&#8221;"}]},{"@type":"WebSite","@id":"https:\/\/proid.cz\/en\/#website","url":"https:\/\/proid.cz\/en\/","name":"ProID","description":"Ultimate Digital Identity for Employees and Organisations","publisher":{"@id":"https:\/\/proid.cz\/en\/#organization"},"potentialAction":[{"@type":"SearchAction","target":{"@type":"EntryPoint","urlTemplate":"https:\/\/proid.cz\/en\/?s={search_term_string}"},"query-input":"required name=search_term_string"}],"inLanguage":"en-US"},{"@type":"Organization","@id":"https:\/\/proid.cz\/en\/#organization","name":"ProID by MONET+","url":"https:\/\/proid.cz\/en\/","logo":{"@type":"ImageObject","inLanguage":"en-US","@id":"https:\/\/proid.cz\/en\/#\/schema\/logo\/image\/","url":"https:\/\/proid.cz\/wp-content\/uploads\/2021\/06\/logo_proid_1200x1200_white-680.png","contentUrl":"https:\/\/proid.cz\/wp-content\/uploads\/2021\/06\/logo_proid_1200x1200_white-680.png","width":680,"height":680,"caption":"ProID by MONET+"},"image":{"@id":"https:\/\/proid.cz\/en\/#\/schema\/logo\/image\/"}}]}},"_links":{"self":[{"href":"https:\/\/proid.cz\/en\/wp-json\/wp\/v2\/pages\/86120"}],"collection":[{"href":"https:\/\/proid.cz\/en\/wp-json\/wp\/v2\/pages"}],"about":[{"href":"https:\/\/proid.cz\/en\/wp-json\/wp\/v2\/types\/page"}],"author":[{"embeddable":true,"href":"https:\/\/proid.cz\/en\/wp-json\/wp\/v2\/users\/1"}],"replies":[{"embeddable":true,"href":"https:\/\/proid.cz\/en\/wp-json\/wp\/v2\/comments?post=86120"}],"version-history":[{"count":4,"href":"https:\/\/proid.cz\/en\/wp-json\/wp\/v2\/pages\/86120\/revisions"}],"predecessor-version":[{"id":86122,"href":"https:\/\/proid.cz\/en\/wp-json\/wp\/v2\/pages\/86120\/revisions\/86122"}],"wp:attachment":[{"href":"https:\/\/proid.cz\/en\/wp-json\/wp\/v2\/media?parent=86120"}],"curies":[{"name":"wp","href":"https:\/\/api.w.org\/{rel}","templated":true}]}}