{"id":8491,"date":"2020-06-22T12:35:08","date_gmt":"2020-06-22T10:35:08","guid":{"rendered":"https:\/\/www.proid.cz\/kontakty\/"},"modified":"2025-06-25T12:21:48","modified_gmt":"2025-06-25T10:21:48","slug":"kontakty","status":"publish","type":"page","link":"https:\/\/proid.cz\/sk\/kontakty\/","title":{"rendered":"Kontakty"},"content":{"rendered":"<p>[vc_row type=&#8221;vc_default&#8221; bg_type=&#8221;image&#8221; parallax_style=&#8221;vcpb-default&#8221; bg_image_new=&#8221;id^9438|url^https:\/\/www.proid.cz\/wp-content\/uploads\/2021\/08\/1920x800_header_28.jpg|caption^null|alt^null|title^1920x800_header_28|description^null&#8221; bg_image_repeat=&#8221;no-repeat&#8221; bg_override=&#8221;full&#8221; css=&#8221;.vc_custom_1628507939990{margin-top: -70px !important;}&#8221;][vc_column][vc_empty_space height=&#8221;150&#8243;][vc_row_inner content_placement=&#8221;middle&#8221;][vc_column_inner width=&#8221;2\/3&#8243;][vc_column_text]<\/p>\n<h1><span style=\"color: #ffffff;\">Kontakty na n\u00e1\u0161 t\u00edm a&nbsp;jednotliv\u00e9 pobo\u010dky<\/span><\/h1>\n<p>[\/vc_column_text][vc_column_text]<span style=\"color: #ffffff; font-size: 20px;\">Ak m\u00e1te ak\u00e9ko\u013evek ot\u00e1zky k&nbsp;na\u0161im produktom a&nbsp;rie\u0161eniam, \u010di potrebujete poradi\u0165 s&nbsp;najvhodnej\u0161\u00edm rie\u0161en\u00edm, kontaktujte n\u00e1\u0161 t\u00edm odborn\u00fdch konzultantov.<\/span>[\/vc_column_text][\/vc_column_inner][vc_column_inner width=&#8221;1\/3&#8243;][\/vc_column_inner][\/vc_row_inner][vc_empty_space height=&#8221;100&#8243;][\/vc_column][\/vc_row][vc_row][vc_column][vc_empty_space height=&#8221;50&#8243;][vc_column_text]<\/p>\n<h2 style=\"text-align: center;\">Spoznajte n\u00e1\u0161 t\u00edm<\/h2>\n<p style=\"text-align: center;\">M\u00e1te z\u00e1ujem o&nbsp;odborn\u00fa konzult\u00e1ciu \u010di osobn\u00e9 stretnutie? N\u00e1\u0161 t\u00edm je pripraven\u00fd zodpoveda\u0165 va\u0161e ot\u00e1zky.<\/p>\n<p>[\/vc_column_text][vc_row_inner equal_height=&#8221;yes&#8221;][vc_column_inner width=&#8221;1\/5&#8243;][vc_empty_space height=&#8221;30&#8243;][vc_single_image image=&#8221;19340&#8243; img_size=&#8221;full&#8221; alignment=&#8221;center&#8221;][vc_column_text]<\/p>\n<p style=\"text-align: center;\"><strong>Martin Raku\u0161an<\/strong><br \/>\n<span style=\"font-size: 16px;\"><a href=\"https:\/\/www.linkedin.com\/in\/martin-raku\u0161an\/\">Linkedin<\/a><br \/>\nSales Manager \/ Team Lead<br \/>\n<a href=\"mailto:mrakusan@monetplus.cz\"><i>mrakusan@monetplus.cz<\/i><\/a><\/span><\/p>\n<p>&nbsp;<\/p>\n<p>[\/vc_column_text][vc_empty_space height=&#8221;50&#8243;][\/vc_column_inner][vc_column_inner width=&#8221;1\/5&#8243;][vc_empty_space height=&#8221;30&#8243;][vc_single_image image=&#8221;63560&#8243; img_size=&#8221;full&#8221; alignment=&#8221;center&#8221;][vc_column_text]<\/p>\n<p style=\"text-align: center;\"><strong>Richard Reichert<\/strong><br \/>\n<span style=\"font-size: 16px;\">Sales Manager<br \/>\n<a href=\"mailto:rreichert@monetplus.cz\"><em>rreichert@monetplus.cz<\/em><\/a><\/span><\/p>\n<p>[\/vc_column_text][vc_empty_space height=&#8221;50&#8243;][\/vc_column_inner][vc_column_inner width=&#8221;1\/5&#8243;][vc_empty_space height=&#8221;30&#8243;][vc_single_image image=&#8221;18219&#8243; img_size=&#8221;full&#8221; alignment=&#8221;center&#8221;][vc_column_text]<\/p>\n<p style=\"text-align: center;\"><strong>Michaela Lehk\u00e1<\/strong><br \/>\n<span style=\"font-size: 16px;\"><a href=\"https:\/\/www.linkedin.com\/in\/michaela-lehk\u00e1-840847a7\/\">Linkedin<\/a><br \/>\n<span style=\"font-size: 16px;\">Sales Manager<br \/>\n<a href=\"mailto:mlehka@monetplus.cz\"><em>mlehka@monetplus.cz<\/em><\/a><\/span><\/span><\/p>\n<p>[\/vc_column_text][vc_empty_space height=&#8221;50&#8243;][\/vc_column_inner][vc_column_inner width=&#8221;1\/5&#8243;][vc_empty_space height=&#8221;30&#8243;][vc_single_image image=&#8221;19343&#8243; img_size=&#8221;full&#8221; alignment=&#8221;center&#8221;][vc_column_text]<\/p>\n<p style=\"text-align: center;\"><strong>Petr Ciprys<\/strong><br \/>\n<span style=\"font-size: 16px;\"><a href=\"https:\/\/www.linkedin.com\/in\/petr-ciprys-277b36207\/\">Linkedin<\/a><br \/>\n<span style=\"font-size: 16px;\">Sales Manager<br \/>\n<a href=\"mailto:pciprys@monetplus.cz\"><em>pciprys@monetplus.cz<\/em><\/a><\/span><\/span><\/p>\n<p>[\/vc_column_text][vc_empty_space height=&#8221;50&#8243;][\/vc_column_inner][vc_column_inner width=&#8221;1\/5&#8243;][vc_empty_space height=&#8221;30&#8243;][vc_single_image image=&#8221;19337&#8243; img_size=&#8221;full&#8221; alignment=&#8221;center&#8221;][vc_column_text]<\/p>\n<p style=\"text-align: center;\"><strong>Ivo Vr\u00e1na<\/strong><br \/>\n<span style=\"font-size: 16px;\"><a href=\"https:\/\/www.linkedin.com\/in\/ivovrana\/\">Linkedin<\/a><br \/>\n<span style=\"font-size: 16px;\">Marketing Manager<br \/>\n<a href=\"mailto:ivrana@monetplus.cz\"><em>ivrana@monetplus.cz<\/em><\/a><\/span><\/span><\/p>\n<p>[\/vc_column_text][vc_empty_space height=&#8221;50&#8243;][\/vc_column_inner][\/vc_row_inner][\/vc_column][\/vc_row][vc_row anchor=&#8221;kontakt&#8221;][vc_column][vc_row_inner content_placement=&#8221;middle&#8221;][vc_column_inner][vc_column_text]<\/p>\n<h2 style=\"text-align: center;\">Zaujalo v\u00e1s na\u0161e rie\u0161enie?<br \/>\nVypl\u0148te kontaktn\u00fd formul\u00e1r<\/h2>\n<p>[\/vc_column_text][vc_empty_space height=&#8221;20&#8243;][vc_column_text css=&#8221;.vc_custom_1624260043653{padding-top: 30px !important;padding-right: 30px !important;padding-bottom: 30px !important;padding-left: 30px !important;background-color: #f5f5f5 !important;}&#8221;]<\/p>\n<p style=\"text-align: center;\">\n<div class=\"wpcf7 no-js\" id=\"wpcf7-f7978-o1\" lang=\"sk-SK\" dir=\"ltr\">\n<div class=\"screen-reader-response\"><p role=\"status\" aria-live=\"polite\" aria-atomic=\"true\"><\/p> <ul><\/ul><\/div>\n<form action=\"\/sk\/wp-json\/wp\/v2\/pages\/8491#wpcf7-f7978-o1\" method=\"post\" class=\"wpcf7-form init\" aria-label=\"Contact form\" novalidate=\"novalidate\" data-status=\"init\">\n<div style=\"display: none;\">\n<input type=\"hidden\" name=\"_wpcf7\" value=\"7978\" \/>\n<input type=\"hidden\" name=\"_wpcf7_version\" value=\"5.7.6\" \/>\n<input type=\"hidden\" name=\"_wpcf7_locale\" value=\"sk_SK\" \/>\n<input type=\"hidden\" name=\"_wpcf7_unit_tag\" value=\"wpcf7-f7978-o1\" \/>\n<input type=\"hidden\" name=\"_wpcf7_container_post\" value=\"0\" \/>\n<input type=\"hidden\" name=\"_wpcf7_posted_data_hash\" value=\"\" \/>\n<input type=\"hidden\" name=\"_wpcf7_recaptcha_response\" value=\"\" \/>\n<\/div>\n<div class=\"one-half\">\n\t<p><label> Va\u0161e jm\u00e9no (vy\u017eadov\u00e1no)<br \/>\n<span class=\"wpcf7-form-control-wrap\" data-name=\"your-name\"><input size=\"40\" class=\"wpcf7-form-control wpcf7-text wpcf7-validates-as-required\" aria-required=\"true\" aria-invalid=\"false\" value=\"\" type=\"text\" name=\"your-name\" \/><\/span> <\/label>\n\t<\/p>\n<\/div>\n<div class=\"one-half last\">\n\t<p><label> V\u00e1\u0161 e-mail (vy\u017eadov\u00e1no)<br \/>\n<span class=\"wpcf7-form-control-wrap\" data-name=\"your-email\"><input size=\"40\" class=\"wpcf7-form-control wpcf7-text wpcf7-email wpcf7-validates-as-required wpcf7-validates-as-email\" aria-required=\"true\" aria-invalid=\"false\" value=\"\" type=\"email\" name=\"your-email\" \/><\/span> <\/label>\n\t<\/p>\n<\/div>\n<div class=\"one-half\">\n\t<p><label> V\u00e1\u0161 telefon<br \/>\n<span class=\"wpcf7-form-control-wrap\" data-name=\"tel-946\"><input size=\"40\" class=\"wpcf7-form-control wpcf7-text wpcf7-tel wpcf7-validates-as-tel\" aria-invalid=\"false\" value=\"\" type=\"tel\" name=\"tel-946\" \/><\/span><\/label>\n\t<\/p>\n<\/div>\n<div class=\"one-half last\">\n\t<p><label> N\u00e1zev organizace (vy\u017eadov\u00e1no)<br \/>\n<span class=\"wpcf7-form-control-wrap\" data-name=\"your-subject\"><input size=\"40\" class=\"wpcf7-form-control wpcf7-text wpcf7-validates-as-required\" aria-required=\"true\" aria-invalid=\"false\" value=\"\" type=\"text\" name=\"your-subject\" \/><\/span> <\/label>\n\t<\/p>\n<\/div>\n<p><label> Va\u0161e zpr\u00e1va<br \/>\n<span class=\"wpcf7-form-control-wrap\" data-name=\"your-message\"><textarea cols=\"40\" rows=\"10\" class=\"wpcf7-form-control wpcf7-textarea\" aria-invalid=\"false\" name=\"your-message\"><\/textarea><\/span> <\/label>\n<\/p>\n<p>Vypln\u011bn\u00edm formul\u00e1\u0159e souhlas\u00edte se <a href=\"https:\/\/www.monetplus.cz\/zasady-zpracovani-osobnich-udaju\" target=\"_blank\">zpracov\u00e1n\u00edm osobn\u00edch \u00fadaj\u016f<\/a>.\n<\/p>\n<p><input class=\"wpcf7-form-control has-spinner wpcf7-submit\" type=\"submit\" value=\"Odeslat\" \/>\n<\/p><input type='hidden' class='wpcf7-pum' value='{\"closepopup\":false,\"closedelay\":0,\"openpopup\":false,\"openpopup_id\":0}' \/><div class=\"wpcf7-response-output\" aria-hidden=\"true\"><\/div>\n<\/form>\n<\/div>\n<p>[\/vc_column_text][\/vc_column_inner][\/vc_row_inner][vc_empty_space height=&#8221;50&#8243;][\/vc_column][\/vc_row][vc_row][vc_column][vc_column_text]<\/p>\n<h2 style=\"text-align: center;\">Kontakty na na\u0161e kancel\u00e1rie<\/h2>\n<p>[\/vc_column_text][vc_empty_space height=&#8221;50&#8243;][vc_tta_tabs style=&#8221;modern&#8221; shape=&#8221;square&#8221; color=&#8221;white&#8221; active_section=&#8221;1&#8243; pagination_style=&#8221;outline-round&#8221;][vc_tta_section i_icon_fontawesome=&#8221;fa fa-chevron-down&#8221; add_icon=&#8221;true&#8221; title=&#8221;Zl\u00edn &#8211; s\u00eddlo spole\u010dnosti&#8221; tab_id=&#8221;1594710073268-56202e3e-5093&#8243;][vc_empty_space height=&#8221;50&#8243;][vc_row_inner][vc_column_inner width=&#8221;1\/4&#8243;][vc_column_text]<\/p>\n<div class=\"group-title clearfix\">\n<div class=\"field field-name-field-title1\"><strong>MONET+<br \/>\nZl\u00edn &#8211; s\u00eddlo spolo\u010dnosti<\/strong><\/div>\n<\/div>\n<div class=\"field field-name-field-email-s\">Za Dvorem 505<br \/>\n763&nbsp;14 Zl\u00edn-\u0160t\u00edpa<\/div>\n<p>\u010cesk\u00e1 republika<\/p>\n<div><\/div>\n<div class=\"field field-name-field-email-s\">E-mail: info@proid.cz<\/div>\n<div class=\"field field-name-field-phone-s\">Tel.: +420&nbsp;577&nbsp;110&nbsp;411<\/div>\n<div class=\"field field-name-field-addr-s\"><\/div>\n<div class=\"field field-name-field-time-s\">Po \u2013 P\u00e1 8:00 \u2013 17:00<\/div>\n<p>[\/vc_column_text][\/vc_column_inner][vc_column_inner width=&#8221;3\/4&#8243;][vc_single_image image=&#8221;1464&#8243; img_size=&#8221;large&#8221;][vc_column_text]<\/p>\n<div class=\"group-title clearfix\">\n<div class=\"field field-name-field-title1\">Spolo\u010dnos\u0165 MONET+,a.s. je zap\u00edsan\u00e1 v&nbsp;obchodnom registri, vedenom pri Krajskom s\u00fade v&nbsp;Brne, oddiel B, vlo\u017eka 3351.<\/div>\n<\/div>\n<div>\n<p><a class=\"ext\" href=\"https:\/\/or.justice.cz\/ias\/ui\/rejstrik-firma.vysledky?subjektId=596760&amp;typ=UPLNY\" target=\"_blank\" rel=\"noopener noreferrer\"><strong>V\u00fdpis z&nbsp;obchodn\u00e9ho registra<\/strong><\/a><br \/>\n<a class=\"ext\" href=\"https:\/\/www.rzp.cz\/cgi-bin\/aps_cacheWEB.sh?VSS_SERV=ZVWSBJFND&amp;Action=Search&amp;PRESVYBER=0&amp;PODLE=subjekt&amp;ICO=&amp;OBCHJM=MONET%2B%2Ca.s.&amp;ROLES=P&amp;OKRES=&amp;OBEC=&amp;CASTOBCE=&amp;ULICE=&amp;COR=&amp;COZ=&amp;CDOM=&amp;JMENO=&amp;PRIJMENI=&amp;NAROZENI=&amp;ROLE=&amp;VYPIS=1\"><strong>V\u00fdpis zo \u017eivnostensk\u00e9ho registra<\/strong><\/a><\/p>\n<p><a href=\"mailto:recepce@monetplus.cz\">GDPR kontakt (v\u00fdmaz, v\u00fdpis, n\u00e1mietky k&nbsp;osobn\u00fdm \u00fadajom)<\/a><\/p>\n<\/div>\n<p>[\/vc_column_text][\/vc_column_inner][\/vc_row_inner][\/vc_tta_section][vc_tta_section i_icon_fontawesome=&#8221;fa fa-chevron-down&#8221; add_icon=&#8221;true&#8221; title=&#8221;Pobo\u010dka Praha&#8221; tab_id=&#8221;1594710073282-d329430d-9b08&#8243;][vc_empty_space height=&#8221;50&#8243;][vc_row_inner][vc_column_inner width=&#8221;1\/4&#8243;][vc_column_text]<\/p>\n<div class=\"group-title clearfix\">\n<div><strong>MONET+<\/strong><\/div>\n<div class=\"field field-name-field-title1\"><strong>Pobo\u010dka Praha<\/strong><\/div>\n<\/div>\n<div>Nek\u00e1zanka 880\/11<br \/>\n110&nbsp;00 Praha 1<\/div>\n<div class=\"field field-name-field-email-s\">info@proid.cz<\/div>\n<div class=\"field field-name-field-phone-s\">730&nbsp;580&nbsp;078<\/div>\n<div class=\"field field-name-field-addr-s\"><\/div>\n<div class=\"field field-name-field-time-s\">Po \u2013 P\u00e1 8:00 \u2013 17:00<\/div>\n<p>[\/vc_column_text][\/vc_column_inner][vc_column_inner width=&#8221;3\/4&#8243;][vc_single_image image=&#8221;1463&#8243; img_size=&#8221;large&#8221;][\/vc_column_inner][\/vc_row_inner][\/vc_tta_section][vc_tta_section i_icon_fontawesome=&#8221;fa fa-chevron-down&#8221; add_icon=&#8221;true&#8221; title=&#8221;Pobo\u010dka Brno&#8221; tab_id=&#8221;1594712574265-a8f673cc-9b83&#8243;][vc_empty_space height=&#8221;50&#8243;][vc_row_inner][vc_column_inner width=&#8221;1\/4&#8243;][vc_column_text]<strong>MONET+<\/strong><br \/>\n<strong>(AHEAD iTec, s.r.o.)<\/strong><br \/>\n<strong>Pobo\u010dka Brno<\/strong><br \/>\nBotanick\u00e1 554\/68a<br \/>\n602&nbsp;00 Brno<br \/>\ninfo@ahead-itec.com<br \/>\n731&nbsp;196&nbsp;750<\/p>\n<p>Po \u2013 P\u00e1 8:00 \u2013 17:00[\/vc_column_text][\/vc_column_inner][vc_column_inner width=&#8221;3\/4&#8243;][vc_single_image image=&#8221;3480&#8243; img_size=&#8221;full&#8221; alignment=&#8221;center&#8221;][\/vc_column_inner][\/vc_row_inner][\/vc_tta_section][vc_tta_section i_icon_fontawesome=&#8221;fa fa-chevron-down&#8221; add_icon=&#8221;true&#8221; title=&#8221;Pobo\u010dka Olomouc&#8221; tab_id=&#8221;1594711435835-da78e2e2-7fd5&#8243;][vc_empty_space height=&#8221;50&#8243;][vc_row_inner][vc_column_inner width=&#8221;1\/4&#8243;][vc_column_text]<\/p>\n<div><strong>MONET+<\/strong><\/div>\n<div><strong>Pobo\u010dka Olomouc<\/strong><\/div>\n<div>Jeremenkova 42B<br \/>\n779&nbsp;00 Olomouc<\/div>\n<div class=\"field field-name-field-email-s\">info@proid.cz<\/div>\n<div class=\"field field-name-field-phone-s\">577&nbsp;110&nbsp;411<\/div>\n<div class=\"field field-name-field-addr-s\"><\/div>\n<div class=\"field field-name-field-time-s\">Po \u2013 P\u00e1 8:00 \u2013 17:00<\/div>\n<p>[\/vc_column_text][\/vc_column_inner][vc_column_inner width=&#8221;3\/4&#8243;][vc_single_image image=&#8221;1465&#8243; img_size=&#8221;large&#8221;][\/vc_column_inner][\/vc_row_inner][\/vc_tta_section][vc_tta_section i_icon_fontawesome=&#8221;fa fa-chevron-down&#8221; add_icon=&#8221;true&#8221; title=&#8221;Pobo\u010dka Ostrava&#8221; tab_id=&#8221;1594712012700-1dfedb29-04ee&#8221;][vc_empty_space height=&#8221;50&#8243;][vc_row_inner][vc_column_inner width=&#8221;1\/4&#8243;][vc_column_text]<\/p>\n<div class=\"group-title clearfix\">\n<div><strong>MONET+<\/strong><\/div>\n<div class=\"field field-name-field-title1\"><strong>Pobo\u010dka Ostrava<\/strong><\/div>\n<\/div>\n<div>Smart innovation center &#8211; SKELET<br \/>\n28.&nbsp;\u0159\u00edjna 3388<br \/>\n702&nbsp;00 Moravsk\u00e1 Ostrava a\u00a0P\u0159\u00edvoz<\/div>\n<div class=\"field field-name-field-email-s\">info@proid.cz<\/div>\n<div class=\"field field-name-field-phone-s\">577&nbsp;110&nbsp;411<\/div>\n<div class=\"field field-name-field-addr-s\"><\/div>\n<div class=\"field field-name-field-time-s\">Po \u2013 P\u00e1 8:00 \u2013 16:30<\/div>\n<p>[\/vc_column_text][\/vc_column_inner][vc_column_inner width=&#8221;3\/4&#8243;][vc_single_image image=&#8221;1451&#8243; img_size=&#8221;large&#8221;][\/vc_column_inner][\/vc_row_inner][\/vc_tta_section][\/vc_tta_tabs][\/vc_column][\/vc_row]<\/p>\n","protected":false},"excerpt":{"rendered":"<p>[vc_row type=&#8221;vc_default&#8221; bg_type=&#8221;image&#8221; parallax_style=&#8221;vcpb-default&#8221; bg_image_new=&#8221;id^9438|url^https:\/\/www.proid.cz\/wp-content\/uploads\/2021\/08\/1920x800_header_28.jpg|caption^null|alt^null|title^1920x800_header_28|description^null&#8221; bg_image_repeat=&#8221;no-repeat&#8221; bg_override=&#8221;full&#8221; css=&#8221;.vc_custom_1628507939990{margin-top: -70px !important;}&#8221;][vc_column][vc_empty_space height=&#8221;150&#8243;][vc_row_inner content_placement=&#8221;middle&#8221;][vc_column_inner width=&#8221;2\/3&#8243;][vc_column_text] Kontakty na n\u00e1\u0161 t\u00edm a&nbsp;jednotliv\u00e9 pobo\u010dky [\/vc_column_text][vc_column_text]Ak m\u00e1te ak\u00e9ko\u013evek ot\u00e1zky k&nbsp;na\u0161im produktom a&nbsp;rie\u0161eniam, \u010di potrebujete poradi\u0165 s&nbsp;najvhodnej\u0161\u00edm rie\u0161en\u00edm, kontaktujte n\u00e1\u0161 t\u00edm odborn\u00fdch konzultantov.[\/vc_column_text][\/vc_column_inner][vc_column_inner width=&#8221;1\/3&#8243;][\/vc_column_inner][\/vc_row_inner][vc_empty_space height=&#8221;100&#8243;][\/vc_column][\/vc_row][vc_row][vc_column][vc_empty_space height=&#8221;50&#8243;][vc_column_text] Spoznajte n\u00e1\u0161 t\u00edm M\u00e1te z\u00e1ujem o&nbsp;odborn\u00fa konzult\u00e1ciu \u010di osobn\u00e9 stretnutie? N\u00e1\u0161 t\u00edm je pripraven\u00fd zodpoveda\u0165 va\u0161e&hellip;<\/p>\n","protected":false},"author":1,"featured_media":8493,"parent":0,"menu_order":0,"comment_status":"closed","ping_status":"closed","template":"","meta":{"episode_type":"","audio_file":"","cover_image":"","cover_image_id":"","duration":"","filesize":"","date_recorded":"","explicit":"","block":"","itunes_episode_number":"","itunes_title":"","itunes_season_number":"","itunes_episode_type":"","filesize_raw":""},"yoast_head":"<!-- This site is optimized with the Yoast SEO plugin v20.6 - https:\/\/yoast.com\/wordpress\/plugins\/seo\/ -->\n<title>Kontakty &ndash; ProID<\/title>\n<meta name=\"description\" content=\"Kontakty na ProID. Enterprise rie\u0161enie pre spo\u013eahliv\u00fa pracovn\u00fa identitu a kyberbezpe\u010dnosti v ucelenej platforme s technol\u00f3giou PKI certifik\u00e1tov.\" \/>\n<meta name=\"robots\" content=\"index, follow, max-snippet:-1, max-image-preview:large, max-video-preview:-1\" \/>\n<link rel=\"canonical\" href=\"https:\/\/proid.cz\/sk\/kontakty\/\" \/>\n<meta property=\"og:locale\" content=\"sk_SK\" \/>\n<meta property=\"og:type\" content=\"article\" \/>\n<meta property=\"og:title\" content=\"Kontakty &ndash; ProID\" \/>\n<meta property=\"og:description\" content=\"Kontakty na ProID. Enterprise rie\u0161enie pre spo\u013eahliv\u00fa pracovn\u00fa identitu a kyberbezpe\u010dnosti v ucelenej platforme s technol\u00f3giou PKI certifik\u00e1tov.\" \/>\n<meta property=\"og:url\" content=\"https:\/\/proid.cz\/sk\/kontakty\/\" \/>\n<meta property=\"og:site_name\" content=\"ProID\" \/>\n<meta property=\"article:modified_time\" content=\"2025-06-25T10:21:48+00:00\" \/>\n<meta property=\"og:image\" content=\"https:\/\/proid.cz\/wp-content\/uploads\/2020\/07\/kontakty-ostrava.jpg\" \/>\n\t<meta property=\"og:image:width\" content=\"2000\" \/>\n\t<meta property=\"og:image:height\" content=\"1108\" \/>\n\t<meta property=\"og:image:type\" content=\"image\/jpeg\" \/>\n<meta name=\"twitter:card\" content=\"summary_large_image\" \/>\n<meta name=\"twitter:label1\" content=\"Predpokladan\u00fd \u010das \u010d\u00edtania\" \/>\n\t<meta name=\"twitter:data1\" content=\"2 min\u00faty\" \/>\n<script type=\"application\/ld+json\" class=\"yoast-schema-graph\">{\"@context\":\"https:\/\/schema.org\",\"@graph\":[{\"@type\":\"WebPage\",\"@id\":\"https:\/\/proid.cz\/sk\/kontakty\/\",\"url\":\"https:\/\/proid.cz\/sk\/kontakty\/\",\"name\":\"Kontakty &ndash; ProID\",\"isPartOf\":{\"@id\":\"https:\/\/proid.cz\/sk\/#website\"},\"datePublished\":\"2020-06-22T10:35:08+00:00\",\"dateModified\":\"2025-06-25T10:21:48+00:00\",\"description\":\"Kontakty na ProID. Enterprise rie\u0161enie pre spo\u013eahliv\u00fa pracovn\u00fa identitu a kyberbezpe\u010dnosti v ucelenej platforme s technol\u00f3giou PKI certifik\u00e1tov.\",\"breadcrumb\":{\"@id\":\"https:\/\/proid.cz\/sk\/kontakty\/#breadcrumb\"},\"inLanguage\":\"sk-SK\",\"potentialAction\":[{\"@type\":\"ReadAction\",\"target\":[\"https:\/\/proid.cz\/sk\/kontakty\/\"]}]},{\"@type\":\"BreadcrumbList\",\"@id\":\"https:\/\/proid.cz\/sk\/kontakty\/#breadcrumb\",\"itemListElement\":[{\"@type\":\"ListItem\",\"position\":1,\"name\":\"Dom\u016f\",\"item\":\"https:\/\/proid.cz\/sk\/\"},{\"@type\":\"ListItem\",\"position\":2,\"name\":\"Kontakty\"}]},{\"@type\":\"WebSite\",\"@id\":\"https:\/\/proid.cz\/sk\/#website\",\"url\":\"https:\/\/proid.cz\/sk\/\",\"name\":\"ProID\",\"description\":\"Enterprise \u0159e\u0161en\u00ed pro spolehlivou zam\u011bstnaneckou identitu s PKI\",\"publisher\":{\"@id\":\"https:\/\/proid.cz\/sk\/#organization\"},\"potentialAction\":[{\"@type\":\"SearchAction\",\"target\":{\"@type\":\"EntryPoint\",\"urlTemplate\":\"https:\/\/proid.cz\/sk\/?s={search_term_string}\"},\"query-input\":\"required name=search_term_string\"}],\"inLanguage\":\"sk-SK\"},{\"@type\":\"Organization\",\"@id\":\"https:\/\/proid.cz\/sk\/#organization\",\"name\":\"ProID by MONET+\",\"url\":\"https:\/\/proid.cz\/sk\/\",\"logo\":{\"@type\":\"ImageObject\",\"inLanguage\":\"sk-SK\",\"@id\":\"https:\/\/proid.cz\/sk\/#\/schema\/logo\/image\/\",\"url\":\"https:\/\/proid.cz\/wp-content\/uploads\/2021\/06\/logo_proid_1200x1200_white-680.png\",\"contentUrl\":\"https:\/\/proid.cz\/wp-content\/uploads\/2021\/06\/logo_proid_1200x1200_white-680.png\",\"width\":680,\"height\":680,\"caption\":\"ProID by MONET+\"},\"image\":{\"@id\":\"https:\/\/proid.cz\/sk\/#\/schema\/logo\/image\/\"}}]}<\/script>\n<!-- \/ Yoast SEO plugin. -->","yoast_head_json":{"title":"Kontakty &ndash; ProID","description":"Kontakty na ProID. Enterprise rie\u0161enie pre spo\u013eahliv\u00fa pracovn\u00fa identitu a kyberbezpe\u010dnosti v ucelenej platforme s technol\u00f3giou PKI certifik\u00e1tov.","robots":{"index":"index","follow":"follow","max-snippet":"max-snippet:-1","max-image-preview":"max-image-preview:large","max-video-preview":"max-video-preview:-1"},"canonical":"https:\/\/proid.cz\/sk\/kontakty\/","og_locale":"sk_SK","og_type":"article","og_title":"Kontakty &ndash; ProID","og_description":"Kontakty na ProID. Enterprise rie\u0161enie pre spo\u013eahliv\u00fa pracovn\u00fa identitu a kyberbezpe\u010dnosti v ucelenej platforme s technol\u00f3giou PKI certifik\u00e1tov.","og_url":"https:\/\/proid.cz\/sk\/kontakty\/","og_site_name":"ProID","article_modified_time":"2025-06-25T10:21:48+00:00","og_image":[{"width":2000,"height":1108,"url":"https:\/\/proid.cz\/wp-content\/uploads\/2020\/07\/kontakty-ostrava.jpg","type":"image\/jpeg"}],"twitter_card":"summary_large_image","twitter_misc":{"Predpokladan\u00fd \u010das \u010d\u00edtania":"2 min\u00faty"},"schema":{"@context":"https:\/\/schema.org","@graph":[{"@type":"WebPage","@id":"https:\/\/proid.cz\/sk\/kontakty\/","url":"https:\/\/proid.cz\/sk\/kontakty\/","name":"Kontakty &ndash; ProID","isPartOf":{"@id":"https:\/\/proid.cz\/sk\/#website"},"datePublished":"2020-06-22T10:35:08+00:00","dateModified":"2025-06-25T10:21:48+00:00","description":"Kontakty na ProID. Enterprise rie\u0161enie pre spo\u013eahliv\u00fa pracovn\u00fa identitu a kyberbezpe\u010dnosti v ucelenej platforme s technol\u00f3giou PKI certifik\u00e1tov.","breadcrumb":{"@id":"https:\/\/proid.cz\/sk\/kontakty\/#breadcrumb"},"inLanguage":"sk-SK","potentialAction":[{"@type":"ReadAction","target":["https:\/\/proid.cz\/sk\/kontakty\/"]}]},{"@type":"BreadcrumbList","@id":"https:\/\/proid.cz\/sk\/kontakty\/#breadcrumb","itemListElement":[{"@type":"ListItem","position":1,"name":"Dom\u016f","item":"https:\/\/proid.cz\/sk\/"},{"@type":"ListItem","position":2,"name":"Kontakty"}]},{"@type":"WebSite","@id":"https:\/\/proid.cz\/sk\/#website","url":"https:\/\/proid.cz\/sk\/","name":"ProID","description":"Enterprise \u0159e\u0161en\u00ed pro spolehlivou zam\u011bstnaneckou identitu s PKI","publisher":{"@id":"https:\/\/proid.cz\/sk\/#organization"},"potentialAction":[{"@type":"SearchAction","target":{"@type":"EntryPoint","urlTemplate":"https:\/\/proid.cz\/sk\/?s={search_term_string}"},"query-input":"required name=search_term_string"}],"inLanguage":"sk-SK"},{"@type":"Organization","@id":"https:\/\/proid.cz\/sk\/#organization","name":"ProID by MONET+","url":"https:\/\/proid.cz\/sk\/","logo":{"@type":"ImageObject","inLanguage":"sk-SK","@id":"https:\/\/proid.cz\/sk\/#\/schema\/logo\/image\/","url":"https:\/\/proid.cz\/wp-content\/uploads\/2021\/06\/logo_proid_1200x1200_white-680.png","contentUrl":"https:\/\/proid.cz\/wp-content\/uploads\/2021\/06\/logo_proid_1200x1200_white-680.png","width":680,"height":680,"caption":"ProID by MONET+"},"image":{"@id":"https:\/\/proid.cz\/sk\/#\/schema\/logo\/image\/"}}]}},"_links":{"self":[{"href":"https:\/\/proid.cz\/sk\/wp-json\/wp\/v2\/pages\/8491"}],"collection":[{"href":"https:\/\/proid.cz\/sk\/wp-json\/wp\/v2\/pages"}],"about":[{"href":"https:\/\/proid.cz\/sk\/wp-json\/wp\/v2\/types\/page"}],"author":[{"embeddable":true,"href":"https:\/\/proid.cz\/sk\/wp-json\/wp\/v2\/users\/1"}],"replies":[{"embeddable":true,"href":"https:\/\/proid.cz\/sk\/wp-json\/wp\/v2\/comments?post=8491"}],"version-history":[{"count":3,"href":"https:\/\/proid.cz\/sk\/wp-json\/wp\/v2\/pages\/8491\/revisions"}],"predecessor-version":[{"id":63572,"href":"https:\/\/proid.cz\/sk\/wp-json\/wp\/v2\/pages\/8491\/revisions\/63572"}],"wp:featuredmedia":[{"embeddable":true,"href":"https:\/\/proid.cz\/sk\/wp-json\/wp\/v2\/media\/8493"}],"wp:attachment":[{"href":"https:\/\/proid.cz\/sk\/wp-json\/wp\/v2\/media?parent=8491"}],"curies":[{"name":"wp","href":"https:\/\/api.w.org\/{rel}","templated":true}]}}