{"id":8609,"date":"2021-05-31T08:57:03","date_gmt":"2021-05-31T06:57:03","guid":{"rendered":"https:\/\/www.proid.cz\/stante-se-partnerem\/"},"modified":"2021-08-09T15:31:24","modified_gmt":"2021-08-09T13:31:24","slug":"stante-sa-partnerom","status":"publish","type":"page","link":"https:\/\/proid.cz\/sk\/stante-sa-partnerom\/","title":{"rendered":"Sta\u0148te sa partnerom"},"content":{"rendered":"<p>[vc_row type=&#8221;vc_default&#8221; bg_type=&#8221;image&#8221; parallax_style=&#8221;vcpb-default&#8221; bg_image_new=&#8221;id^9497|url^https:\/\/www.proid.cz\/wp-content\/uploads\/2021\/08\/1920x800_header_05.jpg|caption^null|alt^null|title^1920x800_header_05|description^null&#8221; bg_image_repeat=&#8221;no-repeat&#8221; bg_override=&#8221;full&#8221; css=&#8221;.vc_custom_1628515880427{margin-top: -70px !important;}&#8221;][vc_column][vc_empty_space height=&#8221;150&#8243;][vc_column_text]<\/p>\n<h1><span style=\"color: #ffffff;\">Sta\u0148te sa partnerom<\/span><\/h1>\n<p>[\/vc_column_text][vc_column_text]<\/p>\n<h4><span style=\"color: #ffffff;\">H\u013ead\u00e1me partnerov pre \u010fal\u0161\u00ed rast \u2013 v&nbsp;SK, \u010cR i&nbsp;v&nbsp;zahrani\u010d\u00ed.<\/span><\/h4>\n<p>[\/vc_column_text][vc_empty_space height=&#8221;150&#8243;][\/vc_column][\/vc_row][vc_row][vc_column][vc_empty_space height=&#8221;30&#8243;][vc_column_text]<\/p>\n<p style=\"text-align: center;\">Zaujalo v\u00e1s na\u0161e rie\u0161enie? Sta\u0148te sa na\u0161\u00edm partnerom. Pon\u00fakame v\u00fdhodn\u00fd prov\u00edzny syst\u00e9m, z\u00e1zemie silnej spolo\u010dnosti a&nbsp;d\u00f4raz na najnov\u0161ie technol\u00f3gie. H\u013ead\u00e1me technologick\u00e9 firmy, ktor\u00e9 n\u00e1m pom\u00f4\u017eu s&nbsp;implement\u00e1ciou na\u0161ich n\u00e1strojov, podobne ako obchodn\u00fdch partnerov na ich predaj. Prim\u00e1rne sa zameriavame na \u010cesko, Slovensko a&nbsp;\u0161t\u00e1ty Eur\u00f3pskej \u00fanie, ale nebr\u00e1nime sa spolupr\u00e1ci i&nbsp;v&nbsp;in\u00fdch krajin\u00e1ch.<\/p>\n<p>[\/vc_column_text][vc_empty_space height=&#8221;30&#8243;][vc_row_inner equal_height=&#8221;yes&#8221; content_placement=&#8221;middle&#8221;][vc_column_inner width=&#8221;1\/2&#8243;][vc_single_image image=&#8221;7532&#8243; img_size=&#8221;full&#8221;][\/vc_column_inner][vc_column_inner width=&#8221;1\/2&#8243;][vc_column_text]<\/p>\n<h3>ProID solutions byMONET+<\/h3>\n<p>ProID je samostatn\u00e1 produktov\u00e1 l\u00ednia spolo\u010dnosti MONET+. Na\u0161a spolo\u010dnos\u0165 funguje od roku 1996 a&nbsp;moment\u00e1lne zamestn\u00e1va cez 230 odborn\u00edkov z&nbsp;cel\u00e9ho sveta. Na\u0161imi z\u00e1kazn\u00edkmi s\u00fa banky, telef\u00f3nni oper\u00e1tori, ministerstv\u00e1 \u010di nemocnice. Dlhodobo sa \u0161pecializujeme na technol\u00f3giu PKI, ktor\u00fa aplikujeme na vysoko bezpe\u010dn\u00e9 rie\u0161enia na ochranu digit\u00e1lnej identity zamestnancov a&nbsp;infra\u0161trukt\u00fary organiz\u00e1ci\u00ed.<\/p>\n<p>Vyv\u00edjame rie\u0161enia a&nbsp;n\u00e1stroje pre multifaktorov\u00fa autentiz\u00e1ciu, tvorbu elektronick\u00e9ho podpisu \u010di bezpe\u010dn\u00fa distrib\u00faciu kryptografick\u00e9ho materi\u00e1lu. Budujeme \u0161pecializovan\u00e9 certifika\u010dn\u00e9 autority. V&nbsp;platforme ProID sp\u00e1jame elektronick\u00fa identitu so syst\u00e9mami certifik\u00e1tov.<br \/>\n[\/vc_column_text][\/vc_column_inner][\/vc_row_inner][vc_empty_space height=&#8221;30&#8243;][\/vc_column][\/vc_row][vc_row][vc_column][\/vc_column][\/vc_row][vc_row type=&#8221;vc_default&#8221; bg_type=&#8221;bg_color&#8221; bg_override=&#8221;full&#8221; bg_color_value=&#8221;#f5f5f5&#8243;][vc_column][vc_empty_space height=&#8221;30&#8243;][vc_column_text]<\/p>\n<h2 style=\"text-align: center;\">Kontaktujte n\u00e1s a&nbsp;zistite v\u00fdhody spolupr\u00e1ce<\/h2>\n<p>[\/vc_column_text][vc_row_inner][vc_column_inner width=&#8221;1\/6&#8243;][\/vc_column_inner][vc_column_inner width=&#8221;2\/3&#8243;]\n<div class=\"wpcf7 no-js\" id=\"wpcf7-f7978-o1\" lang=\"sk-SK\" dir=\"ltr\">\n<div class=\"screen-reader-response\"><p role=\"status\" aria-live=\"polite\" aria-atomic=\"true\"><\/p> <ul><\/ul><\/div>\n<form action=\"\/sk\/wp-json\/wp\/v2\/pages\/8609#wpcf7-f7978-o1\" method=\"post\" class=\"wpcf7-form init\" aria-label=\"Contact form\" novalidate=\"novalidate\" data-status=\"init\">\n<div style=\"display: none;\">\n<input type=\"hidden\" name=\"_wpcf7\" value=\"7978\" \/>\n<input type=\"hidden\" name=\"_wpcf7_version\" value=\"5.7.6\" \/>\n<input type=\"hidden\" name=\"_wpcf7_locale\" value=\"sk_SK\" \/>\n<input type=\"hidden\" name=\"_wpcf7_unit_tag\" value=\"wpcf7-f7978-o1\" \/>\n<input type=\"hidden\" name=\"_wpcf7_container_post\" value=\"0\" \/>\n<input type=\"hidden\" name=\"_wpcf7_posted_data_hash\" value=\"\" \/>\n<input type=\"hidden\" name=\"_wpcf7_recaptcha_response\" value=\"\" \/>\n<\/div>\n<div class=\"one-half\">\n\t<p><label> Va\u0161e jm\u00e9no (vy\u017eadov\u00e1no)<br \/>\n<span class=\"wpcf7-form-control-wrap\" data-name=\"your-name\"><input size=\"40\" class=\"wpcf7-form-control wpcf7-text wpcf7-validates-as-required\" aria-required=\"true\" aria-invalid=\"false\" value=\"\" type=\"text\" name=\"your-name\" \/><\/span> <\/label>\n\t<\/p>\n<\/div>\n<div class=\"one-half last\">\n\t<p><label> V\u00e1\u0161 e-mail (vy\u017eadov\u00e1no)<br \/>\n<span class=\"wpcf7-form-control-wrap\" data-name=\"your-email\"><input size=\"40\" class=\"wpcf7-form-control wpcf7-text wpcf7-email wpcf7-validates-as-required wpcf7-validates-as-email\" aria-required=\"true\" aria-invalid=\"false\" value=\"\" type=\"email\" name=\"your-email\" \/><\/span> <\/label>\n\t<\/p>\n<\/div>\n<div class=\"one-half\">\n\t<p><label> V\u00e1\u0161 telefon<br \/>\n<span class=\"wpcf7-form-control-wrap\" data-name=\"tel-946\"><input size=\"40\" class=\"wpcf7-form-control wpcf7-text wpcf7-tel wpcf7-validates-as-tel\" aria-invalid=\"false\" value=\"\" type=\"tel\" name=\"tel-946\" \/><\/span><\/label>\n\t<\/p>\n<\/div>\n<div class=\"one-half last\">\n\t<p><label> N\u00e1zev organizace (vy\u017eadov\u00e1no)<br \/>\n<span class=\"wpcf7-form-control-wrap\" data-name=\"your-subject\"><input size=\"40\" class=\"wpcf7-form-control wpcf7-text wpcf7-validates-as-required\" aria-required=\"true\" aria-invalid=\"false\" value=\"\" type=\"text\" name=\"your-subject\" \/><\/span> <\/label>\n\t<\/p>\n<\/div>\n<p><label> Va\u0161e zpr\u00e1va<br \/>\n<span class=\"wpcf7-form-control-wrap\" data-name=\"your-message\"><textarea cols=\"40\" rows=\"10\" class=\"wpcf7-form-control wpcf7-textarea\" aria-invalid=\"false\" name=\"your-message\"><\/textarea><\/span> <\/label>\n<\/p>\n<p>Vypln\u011bn\u00edm formul\u00e1\u0159e souhlas\u00edte se <a href=\"https:\/\/www.monetplus.cz\/zasady-zpracovani-osobnich-udaju\" target=\"_blank\">zpracov\u00e1n\u00edm osobn\u00edch \u00fadaj\u016f<\/a>.\n<\/p>\n<p><input class=\"wpcf7-form-control has-spinner wpcf7-submit\" type=\"submit\" value=\"Odeslat\" \/>\n<\/p><input type='hidden' class='wpcf7-pum' value='{\"closepopup\":false,\"closedelay\":0,\"openpopup\":false,\"openpopup_id\":0}' \/><div class=\"wpcf7-response-output\" aria-hidden=\"true\"><\/div>\n<\/form>\n<\/div>\n[\/vc_column_inner][vc_column_inner width=&#8221;1\/6&#8243;][\/vc_column_inner][\/vc_row_inner][vc_empty_space height=&#8221;30&#8243;][\/vc_column][\/vc_row]<\/p>\n","protected":false},"excerpt":{"rendered":"<p>[vc_row type=&#8221;vc_default&#8221; bg_type=&#8221;image&#8221; parallax_style=&#8221;vcpb-default&#8221; bg_image_new=&#8221;id^9497|url^https:\/\/www.proid.cz\/wp-content\/uploads\/2021\/08\/1920x800_header_05.jpg|caption^null|alt^null|title^1920x800_header_05|description^null&#8221; bg_image_repeat=&#8221;no-repeat&#8221; bg_override=&#8221;full&#8221; css=&#8221;.vc_custom_1628515880427{margin-top: -70px !important;}&#8221;][vc_column][vc_empty_space height=&#8221;150&#8243;][vc_column_text] Sta\u0148te sa partnerom [\/vc_column_text][vc_column_text] H\u013ead\u00e1me partnerov pre \u010fal\u0161\u00ed rast \u2013 v&nbsp;SK, \u010cR i&nbsp;v&nbsp;zahrani\u010d\u00ed. [\/vc_column_text][vc_empty_space height=&#8221;150&#8243;][\/vc_column][\/vc_row][vc_row][vc_column][vc_empty_space height=&#8221;30&#8243;][vc_column_text] Zaujalo v\u00e1s na\u0161e rie\u0161enie? Sta\u0148te sa na\u0161\u00edm partnerom. Pon\u00fakame v\u00fdhodn\u00fd prov\u00edzny syst\u00e9m, z\u00e1zemie silnej spolo\u010dnosti a&nbsp;d\u00f4raz na najnov\u0161ie technol\u00f3gie. H\u013ead\u00e1me technologick\u00e9 firmy, ktor\u00e9 n\u00e1m pom\u00f4\u017eu s&nbsp;implement\u00e1ciou na\u0161ich n\u00e1strojov,&hellip;<\/p>\n","protected":false},"author":1,"featured_media":0,"parent":0,"menu_order":0,"comment_status":"closed","ping_status":"closed","template":"","meta":{"episode_type":"","audio_file":"","cover_image":"","cover_image_id":"","duration":"","filesize":"","date_recorded":"","explicit":"","block":"","itunes_episode_number":"","itunes_title":"","itunes_season_number":"","itunes_episode_type":"","filesize_raw":""},"yoast_head":"<!-- This site is optimized with the Yoast SEO plugin v20.6 - https:\/\/yoast.com\/wordpress\/plugins\/seo\/ -->\n<title>Sta\u0148te sa partnerom &ndash; ProID<\/title>\n<meta name=\"description\" content=\"We are currently looking for partners for international growth. We are looking for technology companies to help us implement our solutions as well as business partners to sell them.\" \/>\n<meta name=\"robots\" content=\"index, follow, max-snippet:-1, max-image-preview:large, max-video-preview:-1\" \/>\n<link rel=\"canonical\" href=\"https:\/\/proid.cz\/sk\/stante-sa-partnerom\/\" \/>\n<meta property=\"og:locale\" content=\"sk_SK\" \/>\n<meta property=\"og:type\" content=\"article\" \/>\n<meta property=\"og:title\" content=\"Sta\u0148te sa partnerom &ndash; ProID\" \/>\n<meta property=\"og:description\" content=\"We are currently looking for partners for international growth. We are looking for technology companies to help us implement our solutions as well as business partners to sell them.\" \/>\n<meta property=\"og:url\" content=\"https:\/\/proid.cz\/sk\/stante-sa-partnerom\/\" \/>\n<meta property=\"og:site_name\" content=\"ProID\" \/>\n<meta property=\"article:modified_time\" content=\"2021-08-09T13:31:24+00:00\" \/>\n<meta property=\"og:image\" content=\"https:\/\/proid.cz\/wp-content\/uploads\/2020\/06\/Header_722x560_05_banner-proid-home-4.jpg\" \/>\n\t<meta property=\"og:image:width\" content=\"765\" \/>\n\t<meta property=\"og:image:height\" content=\"595\" \/>\n\t<meta property=\"og:image:type\" content=\"image\/jpeg\" \/>\n<meta name=\"twitter:card\" content=\"summary_large_image\" \/>\n<meta name=\"twitter:label1\" content=\"Predpokladan\u00fd \u010das \u010d\u00edtania\" \/>\n\t<meta name=\"twitter:data1\" content=\"1 min\u00fata\" \/>\n<script type=\"application\/ld+json\" class=\"yoast-schema-graph\">{\"@context\":\"https:\/\/schema.org\",\"@graph\":[{\"@type\":\"WebPage\",\"@id\":\"https:\/\/proid.cz\/sk\/stante-sa-partnerom\/\",\"url\":\"https:\/\/proid.cz\/sk\/stante-sa-partnerom\/\",\"name\":\"Sta\u0148te sa partnerom &ndash; ProID\",\"isPartOf\":{\"@id\":\"https:\/\/proid.cz\/sk\/#website\"},\"datePublished\":\"2021-05-31T06:57:03+00:00\",\"dateModified\":\"2021-08-09T13:31:24+00:00\",\"description\":\"We are currently looking for partners for international growth. We are looking for technology companies to help us implement our solutions as well as business partners to sell them.\",\"breadcrumb\":{\"@id\":\"https:\/\/proid.cz\/sk\/stante-sa-partnerom\/#breadcrumb\"},\"inLanguage\":\"sk-SK\",\"potentialAction\":[{\"@type\":\"ReadAction\",\"target\":[\"https:\/\/proid.cz\/sk\/stante-sa-partnerom\/\"]}]},{\"@type\":\"BreadcrumbList\",\"@id\":\"https:\/\/proid.cz\/sk\/stante-sa-partnerom\/#breadcrumb\",\"itemListElement\":[{\"@type\":\"ListItem\",\"position\":1,\"name\":\"Dom\u016f\",\"item\":\"https:\/\/proid.cz\/sk\/\"},{\"@type\":\"ListItem\",\"position\":2,\"name\":\"Sta\u0148te sa partnerom\"}]},{\"@type\":\"WebSite\",\"@id\":\"https:\/\/proid.cz\/sk\/#website\",\"url\":\"https:\/\/proid.cz\/sk\/\",\"name\":\"ProID\",\"description\":\"Enterprise \u0159e\u0161en\u00ed pro spolehlivou zam\u011bstnaneckou identitu s PKI\",\"publisher\":{\"@id\":\"https:\/\/proid.cz\/sk\/#organization\"},\"potentialAction\":[{\"@type\":\"SearchAction\",\"target\":{\"@type\":\"EntryPoint\",\"urlTemplate\":\"https:\/\/proid.cz\/sk\/?s={search_term_string}\"},\"query-input\":\"required name=search_term_string\"}],\"inLanguage\":\"sk-SK\"},{\"@type\":\"Organization\",\"@id\":\"https:\/\/proid.cz\/sk\/#organization\",\"name\":\"ProID by MONET+\",\"url\":\"https:\/\/proid.cz\/sk\/\",\"logo\":{\"@type\":\"ImageObject\",\"inLanguage\":\"sk-SK\",\"@id\":\"https:\/\/proid.cz\/sk\/#\/schema\/logo\/image\/\",\"url\":\"https:\/\/proid.cz\/wp-content\/uploads\/2021\/06\/logo_proid_1200x1200_white-680.png\",\"contentUrl\":\"https:\/\/proid.cz\/wp-content\/uploads\/2021\/06\/logo_proid_1200x1200_white-680.png\",\"width\":680,\"height\":680,\"caption\":\"ProID by MONET+\"},\"image\":{\"@id\":\"https:\/\/proid.cz\/sk\/#\/schema\/logo\/image\/\"}}]}<\/script>\n<!-- \/ Yoast SEO plugin. -->","yoast_head_json":{"title":"Sta\u0148te sa partnerom &ndash; ProID","description":"We are currently looking for partners for international growth. We are looking for technology companies to help us implement our solutions as well as business partners to sell them.","robots":{"index":"index","follow":"follow","max-snippet":"max-snippet:-1","max-image-preview":"max-image-preview:large","max-video-preview":"max-video-preview:-1"},"canonical":"https:\/\/proid.cz\/sk\/stante-sa-partnerom\/","og_locale":"sk_SK","og_type":"article","og_title":"Sta\u0148te sa partnerom &ndash; ProID","og_description":"We are currently looking for partners for international growth. We are looking for technology companies to help us implement our solutions as well as business partners to sell them.","og_url":"https:\/\/proid.cz\/sk\/stante-sa-partnerom\/","og_site_name":"ProID","article_modified_time":"2021-08-09T13:31:24+00:00","og_image":[{"width":765,"height":595,"url":"https:\/\/proid.cz\/wp-content\/uploads\/2020\/06\/Header_722x560_05_banner-proid-home-4.jpg","type":"image\/jpeg"}],"twitter_card":"summary_large_image","twitter_misc":{"Predpokladan\u00fd \u010das \u010d\u00edtania":"1 min\u00fata"},"schema":{"@context":"https:\/\/schema.org","@graph":[{"@type":"WebPage","@id":"https:\/\/proid.cz\/sk\/stante-sa-partnerom\/","url":"https:\/\/proid.cz\/sk\/stante-sa-partnerom\/","name":"Sta\u0148te sa partnerom &ndash; ProID","isPartOf":{"@id":"https:\/\/proid.cz\/sk\/#website"},"datePublished":"2021-05-31T06:57:03+00:00","dateModified":"2021-08-09T13:31:24+00:00","description":"We are currently looking for partners for international growth. We are looking for technology companies to help us implement our solutions as well as business partners to sell them.","breadcrumb":{"@id":"https:\/\/proid.cz\/sk\/stante-sa-partnerom\/#breadcrumb"},"inLanguage":"sk-SK","potentialAction":[{"@type":"ReadAction","target":["https:\/\/proid.cz\/sk\/stante-sa-partnerom\/"]}]},{"@type":"BreadcrumbList","@id":"https:\/\/proid.cz\/sk\/stante-sa-partnerom\/#breadcrumb","itemListElement":[{"@type":"ListItem","position":1,"name":"Dom\u016f","item":"https:\/\/proid.cz\/sk\/"},{"@type":"ListItem","position":2,"name":"Sta\u0148te sa partnerom"}]},{"@type":"WebSite","@id":"https:\/\/proid.cz\/sk\/#website","url":"https:\/\/proid.cz\/sk\/","name":"ProID","description":"Enterprise \u0159e\u0161en\u00ed pro spolehlivou zam\u011bstnaneckou identitu s PKI","publisher":{"@id":"https:\/\/proid.cz\/sk\/#organization"},"potentialAction":[{"@type":"SearchAction","target":{"@type":"EntryPoint","urlTemplate":"https:\/\/proid.cz\/sk\/?s={search_term_string}"},"query-input":"required name=search_term_string"}],"inLanguage":"sk-SK"},{"@type":"Organization","@id":"https:\/\/proid.cz\/sk\/#organization","name":"ProID by MONET+","url":"https:\/\/proid.cz\/sk\/","logo":{"@type":"ImageObject","inLanguage":"sk-SK","@id":"https:\/\/proid.cz\/sk\/#\/schema\/logo\/image\/","url":"https:\/\/proid.cz\/wp-content\/uploads\/2021\/06\/logo_proid_1200x1200_white-680.png","contentUrl":"https:\/\/proid.cz\/wp-content\/uploads\/2021\/06\/logo_proid_1200x1200_white-680.png","width":680,"height":680,"caption":"ProID by MONET+"},"image":{"@id":"https:\/\/proid.cz\/sk\/#\/schema\/logo\/image\/"}}]}},"_links":{"self":[{"href":"https:\/\/proid.cz\/sk\/wp-json\/wp\/v2\/pages\/8609"}],"collection":[{"href":"https:\/\/proid.cz\/sk\/wp-json\/wp\/v2\/pages"}],"about":[{"href":"https:\/\/proid.cz\/sk\/wp-json\/wp\/v2\/types\/page"}],"author":[{"embeddable":true,"href":"https:\/\/proid.cz\/sk\/wp-json\/wp\/v2\/users\/1"}],"replies":[{"embeddable":true,"href":"https:\/\/proid.cz\/sk\/wp-json\/wp\/v2\/comments?post=8609"}],"version-history":[{"count":0,"href":"https:\/\/proid.cz\/sk\/wp-json\/wp\/v2\/pages\/8609\/revisions"}],"wp:attachment":[{"href":"https:\/\/proid.cz\/sk\/wp-json\/wp\/v2\/media?parent=8609"}],"curies":[{"name":"wp","href":"https:\/\/api.w.org\/{rel}","templated":true}]}}